{"id":546,"date":"2021-04-19T10:27:21","date_gmt":"2021-04-19T10:27:21","guid":{"rendered":"http:\/\/hotel-palumbalza.ms.decms.eu\/?page_id=546"},"modified":"2021-04-20T08:26:36","modified_gmt":"2021-04-20T08:26:36","slug":"reunion","status":"publish","type":"page","link":"https:\/\/www.hotelpalumbalzaportorotondo.it\/fr\/services\/reunion\/","title":{"rendered":"R\u00e9union"},"content":{"rendered":"<p>L&rsquo;h\u00f4tel Palumbalza de Porto Rotondo dispose d&rsquo;une petite salle de r\u00e9union pouvant accueillir jusqu&rsquo;\u00e0 40 personnes.<br \/>\nA choisir pour des r\u00e9unions d&rsquo;affaires et d&rsquo;entreprise organis\u00e9es au sein d&rsquo;un \u00e9tablissement d&rsquo;h\u00e9bergement garantissant des standards de qualit\u00e9 \u00e9lev\u00e9s et dans un paysage d&rsquo;une beaut\u00e9 incomparable.<\/p>\n","protected":false},"excerpt":{"rendered":"<p>L&rsquo;h\u00f4tel Palumbalza de Porto Rotondo dispose d&rsquo;une petite salle de r\u00e9union pouvant accueillir jusqu&rsquo;\u00e0 40 personnes. A choisir pour des r\u00e9unions d&rsquo;affaires et d&rsquo;entreprise organis\u00e9es au sein d&rsquo;un \u00e9tablissement d&rsquo;h\u00e9bergement garantissant des standards de qualit\u00e9 \u00e9lev\u00e9s et dans un paysage d&rsquo;une beaut\u00e9 incomparable.<\/p>\n","protected":false},"author":36,"featured_media":0,"parent":231,"menu_order":15,"comment_status":"closed","ping_status":"closed","template":"template-single-service.php","meta":{"footnotes":""},"class_list":["post-546","page","type-page","status-publish","hentry"],"yoast_head":"<!-- This site is optimized with the Yoast SEO plugin v26.9 - https:\/\/yoast.com\/product\/yoast-seo-wordpress\/ -->\n<title>R\u00e9union - Hotel Palumbalza -<\/title>\n<meta name=\"description\" content=\"L&#039;h\u00f4tel Palumbalza de Porto Rotondo dispose d&#039;une petite salle de r\u00e9union pouvant accueillir jusqu&#039;\u00e0 40 personnes. A choisir pour des r\u00e9unions d&#039;affaires et d&#039;entreprise organis\u00e9es au sein d&#039;un \u00e9tablissement d&#039;h\u00e9bergement garantissant des standards de qualit\u00e9 \u00e9lev\u00e9s et dans un paysage d&#039;une beaut\u00e9 incomparable..\" \/>\n<meta name=\"robots\" content=\"noindex, follow\" \/>\n<meta property=\"og:locale\" content=\"fr_FR\" \/>\n<meta property=\"og:type\" content=\"article\" \/>\n<meta property=\"og:title\" content=\"R\u00e9union - Hotel Palumbalza -\" \/>\n<meta property=\"og:description\" content=\"L&#039;h\u00f4tel Palumbalza de Porto Rotondo dispose d&#039;une petite salle de r\u00e9union pouvant accueillir jusqu&#039;\u00e0 40 personnes. A choisir pour des r\u00e9unions d&#039;affaires et d&#039;entreprise organis\u00e9es au sein d&#039;un \u00e9tablissement d&#039;h\u00e9bergement garantissant des standards de qualit\u00e9 \u00e9lev\u00e9s et dans un paysage d&#039;une beaut\u00e9 incomparable..\" \/>\n<meta property=\"og:url\" content=\"https:\/\/www.hotelpalumbalzaportorotondo.it\/fr\/services\/reunion\/\" \/>\n<meta property=\"og:site_name\" content=\"Hotel Palumbalza\" \/>\n<meta property=\"article:modified_time\" content=\"2021-04-20T08:26:36+00:00\" \/>\n<meta name=\"twitter:card\" content=\"summary_large_image\" \/>\n<script type=\"application\/ld+json\" class=\"yoast-schema-graph\">{\"@context\":\"https:\/\/schema.org\",\"@graph\":[{\"@type\":\"WebPage\",\"@id\":\"https:\/\/www.hotelpalumbalzaportorotondo.it\/fr\/services\/reunion\/\",\"url\":\"https:\/\/www.hotelpalumbalzaportorotondo.it\/fr\/services\/reunion\/\",\"name\":\"R\u00e9union - Hotel Palumbalza -\",\"isPartOf\":{\"@id\":\"https:\/\/www.hotelpalumbalzaportorotondo.it\/fr\/#website\"},\"datePublished\":\"2021-04-19T10:27:21+00:00\",\"dateModified\":\"2021-04-20T08:26:36+00:00\",\"description\":\"L'h\u00f4tel Palumbalza de Porto Rotondo dispose d'une petite salle de r\u00e9union pouvant accueillir jusqu'\u00e0 40 personnes. A choisir pour des r\u00e9unions d'affaires et d'entreprise organis\u00e9es au sein d'un \u00e9tablissement d'h\u00e9bergement garantissant des standards de qualit\u00e9 \u00e9lev\u00e9s et dans un paysage d'une beaut\u00e9 incomparable..\",\"breadcrumb\":{\"@id\":\"https:\/\/www.hotelpalumbalzaportorotondo.it\/fr\/services\/reunion\/#breadcrumb\"},\"inLanguage\":\"fr-FR\",\"potentialAction\":[{\"@type\":\"ReadAction\",\"target\":[\"https:\/\/www.hotelpalumbalzaportorotondo.it\/fr\/services\/reunion\/\"]}]},{\"@type\":\"BreadcrumbList\",\"@id\":\"https:\/\/www.hotelpalumbalzaportorotondo.it\/fr\/services\/reunion\/#breadcrumb\",\"itemListElement\":[{\"@type\":\"ListItem\",\"position\":1,\"name\":\"Home\",\"item\":\"https:\/\/www.hotelpalumbalzaportorotondo.it\/fr\/\"},{\"@type\":\"ListItem\",\"position\":2,\"name\":\"Services\",\"item\":\"https:\/\/www.hotelpalumbalzaportorotondo.it\/fr\/services\/\"},{\"@type\":\"ListItem\",\"position\":3,\"name\":\"R\u00e9union\"}]},{\"@type\":\"WebSite\",\"@id\":\"https:\/\/www.hotelpalumbalzaportorotondo.it\/fr\/#website\",\"url\":\"https:\/\/www.hotelpalumbalzaportorotondo.it\/fr\/\",\"name\":\"Hotel Palumbalza\",\"description\":\"Just another ms.decms.eu site\",\"potentialAction\":[{\"@type\":\"SearchAction\",\"target\":{\"@type\":\"EntryPoint\",\"urlTemplate\":\"https:\/\/www.hotelpalumbalzaportorotondo.it\/fr\/?s={search_term_string}\"},\"query-input\":{\"@type\":\"PropertyValueSpecification\",\"valueRequired\":true,\"valueName\":\"search_term_string\"}}],\"inLanguage\":\"fr-FR\"}]}<\/script>\n<!-- \/ Yoast SEO plugin. -->","yoast_head_json":{"title":"R\u00e9union - Hotel Palumbalza -","description":"L'h\u00f4tel Palumbalza de Porto Rotondo dispose d'une petite salle de r\u00e9union pouvant accueillir jusqu'\u00e0 40 personnes. A choisir pour des r\u00e9unions d'affaires et d'entreprise organis\u00e9es au sein d'un \u00e9tablissement d'h\u00e9bergement garantissant des standards de qualit\u00e9 \u00e9lev\u00e9s et dans un paysage d'une beaut\u00e9 incomparable..","robots":{"index":"noindex","follow":"follow"},"og_locale":"fr_FR","og_type":"article","og_title":"R\u00e9union - Hotel Palumbalza -","og_description":"L'h\u00f4tel Palumbalza de Porto Rotondo dispose d'une petite salle de r\u00e9union pouvant accueillir jusqu'\u00e0 40 personnes. A choisir pour des r\u00e9unions d'affaires et d'entreprise organis\u00e9es au sein d'un \u00e9tablissement d'h\u00e9bergement garantissant des standards de qualit\u00e9 \u00e9lev\u00e9s et dans un paysage d'une beaut\u00e9 incomparable..","og_url":"https:\/\/www.hotelpalumbalzaportorotondo.it\/fr\/services\/reunion\/","og_site_name":"Hotel Palumbalza","article_modified_time":"2021-04-20T08:26:36+00:00","twitter_card":"summary_large_image","schema":{"@context":"https:\/\/schema.org","@graph":[{"@type":"WebPage","@id":"https:\/\/www.hotelpalumbalzaportorotondo.it\/fr\/services\/reunion\/","url":"https:\/\/www.hotelpalumbalzaportorotondo.it\/fr\/services\/reunion\/","name":"R\u00e9union - Hotel Palumbalza -","isPartOf":{"@id":"https:\/\/www.hotelpalumbalzaportorotondo.it\/fr\/#website"},"datePublished":"2021-04-19T10:27:21+00:00","dateModified":"2021-04-20T08:26:36+00:00","description":"L'h\u00f4tel Palumbalza de Porto Rotondo dispose d'une petite salle de r\u00e9union pouvant accueillir jusqu'\u00e0 40 personnes. A choisir pour des r\u00e9unions d'affaires et d'entreprise organis\u00e9es au sein d'un \u00e9tablissement d'h\u00e9bergement garantissant des standards de qualit\u00e9 \u00e9lev\u00e9s et dans un paysage d'une beaut\u00e9 incomparable..","breadcrumb":{"@id":"https:\/\/www.hotelpalumbalzaportorotondo.it\/fr\/services\/reunion\/#breadcrumb"},"inLanguage":"fr-FR","potentialAction":[{"@type":"ReadAction","target":["https:\/\/www.hotelpalumbalzaportorotondo.it\/fr\/services\/reunion\/"]}]},{"@type":"BreadcrumbList","@id":"https:\/\/www.hotelpalumbalzaportorotondo.it\/fr\/services\/reunion\/#breadcrumb","itemListElement":[{"@type":"ListItem","position":1,"name":"Home","item":"https:\/\/www.hotelpalumbalzaportorotondo.it\/fr\/"},{"@type":"ListItem","position":2,"name":"Services","item":"https:\/\/www.hotelpalumbalzaportorotondo.it\/fr\/services\/"},{"@type":"ListItem","position":3,"name":"R\u00e9union"}]},{"@type":"WebSite","@id":"https:\/\/www.hotelpalumbalzaportorotondo.it\/fr\/#website","url":"https:\/\/www.hotelpalumbalzaportorotondo.it\/fr\/","name":"Hotel Palumbalza","description":"Just another ms.decms.eu site","potentialAction":[{"@type":"SearchAction","target":{"@type":"EntryPoint","urlTemplate":"https:\/\/www.hotelpalumbalzaportorotondo.it\/fr\/?s={search_term_string}"},"query-input":{"@type":"PropertyValueSpecification","valueRequired":true,"valueName":"search_term_string"}}],"inLanguage":"fr-FR"}]}},"acf":[],"_links":{"self":[{"href":"https:\/\/www.hotelpalumbalzaportorotondo.it\/fr\/wp-json\/wp\/v2\/pages\/546","targetHints":{"allow":["GET"]}}],"collection":[{"href":"https:\/\/www.hotelpalumbalzaportorotondo.it\/fr\/wp-json\/wp\/v2\/pages"}],"about":[{"href":"https:\/\/www.hotelpalumbalzaportorotondo.it\/fr\/wp-json\/wp\/v2\/types\/page"}],"author":[{"embeddable":true,"href":"https:\/\/www.hotelpalumbalzaportorotondo.it\/fr\/wp-json\/wp\/v2\/users\/36"}],"replies":[{"embeddable":true,"href":"https:\/\/www.hotelpalumbalzaportorotondo.it\/fr\/wp-json\/wp\/v2\/comments?post=546"}],"version-history":[{"count":0,"href":"https:\/\/www.hotelpalumbalzaportorotondo.it\/fr\/wp-json\/wp\/v2\/pages\/546\/revisions"}],"up":[{"embeddable":true,"href":"https:\/\/www.hotelpalumbalzaportorotondo.it\/fr\/wp-json\/wp\/v2\/pages\/231"}],"wp:attachment":[{"href":"https:\/\/www.hotelpalumbalzaportorotondo.it\/fr\/wp-json\/wp\/v2\/media?parent=546"}],"curies":[{"name":"wp","href":"https:\/\/api.w.org\/{rel}","templated":true}]}}