{"id":313,"date":"2021-04-18T15:24:19","date_gmt":"2021-04-18T15:24:19","guid":{"rendered":"http:\/\/hotel-palumbalza.ms.decms.eu\/?page_id=313"},"modified":"2021-04-18T15:30:44","modified_gmt":"2021-04-18T15:30:44","slug":"spa","status":"publish","type":"page","link":"https:\/\/www.hotelpalumbalzaportorotondo.it\/fr\/services\/spa\/","title":{"rendered":"Spa"},"content":{"rendered":"<p>Le petit <strong>centre bien-\u00eatre<\/strong> de L\u2019H\u00f4tel Palumbalza Porto Rotondo dispose d\u2019une<strong> suite massages<\/strong> \u00e0 l\u2019int\u00e9rieur d\u2019un espace essentiel et raffin\u00e9, o\u00f9 l\u2019on pourra se conc\u00e9der un moment \u00e0 d\u00e9dier \u00e0 son propre bien-\u00eatre.<br \/>\nLes <strong>traitements<\/strong> propos\u00e9s peuvent \u00eatre sp\u00e9cifiques pour certaines zones du corps ou extensifs, ils peuvent faire partie d\u2019un v\u00e9ritable <strong>parcours<\/strong> ou \u00eatre appr\u00e9ci\u00e9s s\u00e9par\u00e9ment comme de petits break de plaisir et de relax au cours de vos vacances.<\/p>\n","protected":false},"excerpt":{"rendered":"<p>Le petit centre bien-\u00eatre de L\u2019H\u00f4tel Palumbalza Porto Rotondo dispose d\u2019une suite massages \u00e0 l\u2019int\u00e9rieur d\u2019un espace essentiel et raffin\u00e9, o\u00f9 l\u2019on pourra se conc\u00e9der un moment \u00e0 d\u00e9dier \u00e0 son propre bien-\u00eatre. Les traitements propos\u00e9s peuvent \u00eatre sp\u00e9cifiques pour certaines zones du corps ou extensifs, ils peuvent faire partie d\u2019un v\u00e9ritable parcours ou \u00eatre [&hellip;]<\/p>\n","protected":false},"author":36,"featured_media":0,"parent":231,"menu_order":10,"comment_status":"closed","ping_status":"closed","template":"template-single-service.php","meta":{"footnotes":""},"class_list":["post-313","page","type-page","status-publish","hentry"],"yoast_head":"<!-- This site is optimized with the Yoast SEO plugin v26.9 - https:\/\/yoast.com\/product\/yoast-seo-wordpress\/ -->\n<title>Spa - Hotel Palumbalza -<\/title>\n<meta name=\"description\" content=\"Le petit centre bien-\u00eatre de L\u2019H\u00f4tel Palumbalza Porto Rotondo dispose d\u2019une suite massages \u00e0 l\u2019int\u00e9rieur d\u2019un espace essentiel et raffin\u00e9, o\u00f9 l\u2019on pourra se conc\u00e9der un moment \u00e0 d\u00e9dier \u00e0 son propre bien-\u00eatre. Les traitements propos\u00e9s peuvent \u00eatre sp\u00e9cifiques pour certaines zones du corps ou extensifs, ils peuvent faire partie d\u2019un v\u00e9ritable parcours ou \u00eatre appr\u00e9ci\u00e9s s\u00e9par\u00e9ment comme de petits break de plaisir et de relax au cours de vos vacances..\" \/>\n<meta name=\"robots\" content=\"noindex, follow\" \/>\n<meta property=\"og:locale\" content=\"fr_FR\" \/>\n<meta property=\"og:type\" content=\"article\" \/>\n<meta property=\"og:title\" content=\"Spa - Hotel Palumbalza -\" \/>\n<meta property=\"og:description\" content=\"Le petit centre bien-\u00eatre de L\u2019H\u00f4tel Palumbalza Porto Rotondo dispose d\u2019une suite massages \u00e0 l\u2019int\u00e9rieur d\u2019un espace essentiel et raffin\u00e9, o\u00f9 l\u2019on pourra se conc\u00e9der un moment \u00e0 d\u00e9dier \u00e0 son propre bien-\u00eatre. Les traitements propos\u00e9s peuvent \u00eatre sp\u00e9cifiques pour certaines zones du corps ou extensifs, ils peuvent faire partie d\u2019un v\u00e9ritable parcours ou \u00eatre appr\u00e9ci\u00e9s s\u00e9par\u00e9ment comme de petits break de plaisir et de relax au cours de vos vacances..\" \/>\n<meta property=\"og:url\" content=\"https:\/\/www.hotelpalumbalzaportorotondo.it\/fr\/services\/spa\/\" \/>\n<meta property=\"og:site_name\" content=\"Hotel Palumbalza\" \/>\n<meta property=\"article:modified_time\" content=\"2021-04-18T15:30:44+00:00\" \/>\n<meta name=\"twitter:card\" content=\"summary_large_image\" \/>\n<script type=\"application\/ld+json\" class=\"yoast-schema-graph\">{\"@context\":\"https:\/\/schema.org\",\"@graph\":[{\"@type\":\"WebPage\",\"@id\":\"https:\/\/www.hotelpalumbalzaportorotondo.it\/fr\/services\/spa\/\",\"url\":\"https:\/\/www.hotelpalumbalzaportorotondo.it\/fr\/services\/spa\/\",\"name\":\"Spa - Hotel Palumbalza -\",\"isPartOf\":{\"@id\":\"https:\/\/www.hotelpalumbalzaportorotondo.it\/fr\/#website\"},\"datePublished\":\"2021-04-18T15:24:19+00:00\",\"dateModified\":\"2021-04-18T15:30:44+00:00\",\"description\":\"Le petit centre bien-\u00eatre de L\u2019H\u00f4tel Palumbalza Porto Rotondo dispose d\u2019une suite massages \u00e0 l\u2019int\u00e9rieur d\u2019un espace essentiel et raffin\u00e9, o\u00f9 l\u2019on pourra se conc\u00e9der un moment \u00e0 d\u00e9dier \u00e0 son propre bien-\u00eatre. Les traitements propos\u00e9s peuvent \u00eatre sp\u00e9cifiques pour certaines zones du corps ou extensifs, ils peuvent faire partie d\u2019un v\u00e9ritable parcours ou \u00eatre appr\u00e9ci\u00e9s s\u00e9par\u00e9ment comme de petits break de plaisir et de relax au cours de vos vacances..\",\"breadcrumb\":{\"@id\":\"https:\/\/www.hotelpalumbalzaportorotondo.it\/fr\/services\/spa\/#breadcrumb\"},\"inLanguage\":\"fr-FR\",\"potentialAction\":[{\"@type\":\"ReadAction\",\"target\":[\"https:\/\/www.hotelpalumbalzaportorotondo.it\/fr\/services\/spa\/\"]}]},{\"@type\":\"BreadcrumbList\",\"@id\":\"https:\/\/www.hotelpalumbalzaportorotondo.it\/fr\/services\/spa\/#breadcrumb\",\"itemListElement\":[{\"@type\":\"ListItem\",\"position\":1,\"name\":\"Home\",\"item\":\"https:\/\/www.hotelpalumbalzaportorotondo.it\/fr\/\"},{\"@type\":\"ListItem\",\"position\":2,\"name\":\"Services\",\"item\":\"https:\/\/www.hotelpalumbalzaportorotondo.it\/fr\/services\/\"},{\"@type\":\"ListItem\",\"position\":3,\"name\":\"Spa\"}]},{\"@type\":\"WebSite\",\"@id\":\"https:\/\/www.hotelpalumbalzaportorotondo.it\/fr\/#website\",\"url\":\"https:\/\/www.hotelpalumbalzaportorotondo.it\/fr\/\",\"name\":\"Hotel Palumbalza\",\"description\":\"Just another ms.decms.eu site\",\"potentialAction\":[{\"@type\":\"SearchAction\",\"target\":{\"@type\":\"EntryPoint\",\"urlTemplate\":\"https:\/\/www.hotelpalumbalzaportorotondo.it\/fr\/?s={search_term_string}\"},\"query-input\":{\"@type\":\"PropertyValueSpecification\",\"valueRequired\":true,\"valueName\":\"search_term_string\"}}],\"inLanguage\":\"fr-FR\"}]}<\/script>\n<!-- \/ Yoast SEO plugin. -->","yoast_head_json":{"title":"Spa - Hotel Palumbalza -","description":"Le petit centre bien-\u00eatre de L\u2019H\u00f4tel Palumbalza Porto Rotondo dispose d\u2019une suite massages \u00e0 l\u2019int\u00e9rieur d\u2019un espace essentiel et raffin\u00e9, o\u00f9 l\u2019on pourra se conc\u00e9der un moment \u00e0 d\u00e9dier \u00e0 son propre bien-\u00eatre. Les traitements propos\u00e9s peuvent \u00eatre sp\u00e9cifiques pour certaines zones du corps ou extensifs, ils peuvent faire partie d\u2019un v\u00e9ritable parcours ou \u00eatre appr\u00e9ci\u00e9s s\u00e9par\u00e9ment comme de petits break de plaisir et de relax au cours de vos vacances..","robots":{"index":"noindex","follow":"follow"},"og_locale":"fr_FR","og_type":"article","og_title":"Spa - Hotel Palumbalza -","og_description":"Le petit centre bien-\u00eatre de L\u2019H\u00f4tel Palumbalza Porto Rotondo dispose d\u2019une suite massages \u00e0 l\u2019int\u00e9rieur d\u2019un espace essentiel et raffin\u00e9, o\u00f9 l\u2019on pourra se conc\u00e9der un moment \u00e0 d\u00e9dier \u00e0 son propre bien-\u00eatre. Les traitements propos\u00e9s peuvent \u00eatre sp\u00e9cifiques pour certaines zones du corps ou extensifs, ils peuvent faire partie d\u2019un v\u00e9ritable parcours ou \u00eatre appr\u00e9ci\u00e9s s\u00e9par\u00e9ment comme de petits break de plaisir et de relax au cours de vos vacances..","og_url":"https:\/\/www.hotelpalumbalzaportorotondo.it\/fr\/services\/spa\/","og_site_name":"Hotel Palumbalza","article_modified_time":"2021-04-18T15:30:44+00:00","twitter_card":"summary_large_image","schema":{"@context":"https:\/\/schema.org","@graph":[{"@type":"WebPage","@id":"https:\/\/www.hotelpalumbalzaportorotondo.it\/fr\/services\/spa\/","url":"https:\/\/www.hotelpalumbalzaportorotondo.it\/fr\/services\/spa\/","name":"Spa - Hotel Palumbalza -","isPartOf":{"@id":"https:\/\/www.hotelpalumbalzaportorotondo.it\/fr\/#website"},"datePublished":"2021-04-18T15:24:19+00:00","dateModified":"2021-04-18T15:30:44+00:00","description":"Le petit centre bien-\u00eatre de L\u2019H\u00f4tel Palumbalza Porto Rotondo dispose d\u2019une suite massages \u00e0 l\u2019int\u00e9rieur d\u2019un espace essentiel et raffin\u00e9, o\u00f9 l\u2019on pourra se conc\u00e9der un moment \u00e0 d\u00e9dier \u00e0 son propre bien-\u00eatre. Les traitements propos\u00e9s peuvent \u00eatre sp\u00e9cifiques pour certaines zones du corps ou extensifs, ils peuvent faire partie d\u2019un v\u00e9ritable parcours ou \u00eatre appr\u00e9ci\u00e9s s\u00e9par\u00e9ment comme de petits break de plaisir et de relax au cours de vos vacances..","breadcrumb":{"@id":"https:\/\/www.hotelpalumbalzaportorotondo.it\/fr\/services\/spa\/#breadcrumb"},"inLanguage":"fr-FR","potentialAction":[{"@type":"ReadAction","target":["https:\/\/www.hotelpalumbalzaportorotondo.it\/fr\/services\/spa\/"]}]},{"@type":"BreadcrumbList","@id":"https:\/\/www.hotelpalumbalzaportorotondo.it\/fr\/services\/spa\/#breadcrumb","itemListElement":[{"@type":"ListItem","position":1,"name":"Home","item":"https:\/\/www.hotelpalumbalzaportorotondo.it\/fr\/"},{"@type":"ListItem","position":2,"name":"Services","item":"https:\/\/www.hotelpalumbalzaportorotondo.it\/fr\/services\/"},{"@type":"ListItem","position":3,"name":"Spa"}]},{"@type":"WebSite","@id":"https:\/\/www.hotelpalumbalzaportorotondo.it\/fr\/#website","url":"https:\/\/www.hotelpalumbalzaportorotondo.it\/fr\/","name":"Hotel Palumbalza","description":"Just another ms.decms.eu site","potentialAction":[{"@type":"SearchAction","target":{"@type":"EntryPoint","urlTemplate":"https:\/\/www.hotelpalumbalzaportorotondo.it\/fr\/?s={search_term_string}"},"query-input":{"@type":"PropertyValueSpecification","valueRequired":true,"valueName":"search_term_string"}}],"inLanguage":"fr-FR"}]}},"acf":[],"_links":{"self":[{"href":"https:\/\/www.hotelpalumbalzaportorotondo.it\/fr\/wp-json\/wp\/v2\/pages\/313","targetHints":{"allow":["GET"]}}],"collection":[{"href":"https:\/\/www.hotelpalumbalzaportorotondo.it\/fr\/wp-json\/wp\/v2\/pages"}],"about":[{"href":"https:\/\/www.hotelpalumbalzaportorotondo.it\/fr\/wp-json\/wp\/v2\/types\/page"}],"author":[{"embeddable":true,"href":"https:\/\/www.hotelpalumbalzaportorotondo.it\/fr\/wp-json\/wp\/v2\/users\/36"}],"replies":[{"embeddable":true,"href":"https:\/\/www.hotelpalumbalzaportorotondo.it\/fr\/wp-json\/wp\/v2\/comments?post=313"}],"version-history":[{"count":0,"href":"https:\/\/www.hotelpalumbalzaportorotondo.it\/fr\/wp-json\/wp\/v2\/pages\/313\/revisions"}],"up":[{"embeddable":true,"href":"https:\/\/www.hotelpalumbalzaportorotondo.it\/fr\/wp-json\/wp\/v2\/pages\/231"}],"wp:attachment":[{"href":"https:\/\/www.hotelpalumbalzaportorotondo.it\/fr\/wp-json\/wp\/v2\/media?parent=313"}],"curies":[{"name":"wp","href":"https:\/\/api.w.org\/{rel}","templated":true}]}}