{"id":247,"date":"2021-04-18T14:54:37","date_gmt":"2021-04-18T14:54:37","guid":{"rendered":"http:\/\/hotel-palumbalza.ms.decms.eu\/?page_id=247"},"modified":"2021-04-18T15:05:29","modified_gmt":"2021-04-18T15:05:29","slug":"sport-et-detente","status":"publish","type":"page","link":"https:\/\/www.hotelpalumbalzaportorotondo.it\/fr\/services\/sport-et-detente\/","title":{"rendered":"Sport et d\u00e9tente"},"content":{"rendered":"<p>L&rsquo;<strong>H\u00f4tel Palumbalza<\/strong> \u00e0 Porto Rotondo est un complexe con\u00e7u pour assurer une<strong> d\u00e9tente maximale<\/strong> sans sacrifier le <strong>bien-\u00eatre<\/strong> du sport.<\/p>\n<p>La <strong>piscine<\/strong>, aliment\u00e9e en <strong>eau de mer<\/strong>, donne directement sur la magnifique <strong>plage de Baia di Marinella<\/strong>. Il est entour\u00e9 d&rsquo;un gazon doux et rafra\u00eechissant, berc\u00e9 par une v\u00e9g\u00e9tation large et luxuriante, pour profiter d&rsquo;agr\u00e9ables moments de d\u00e9tente au soleil ou de moments de d\u00e9tente r\u00e9g\u00e9n\u00e9rants \u00e0 l&rsquo;ombre.<\/p>\n<p>En quelques \u00e9tapes, vous pourrez plonger dans les<strong> eaux cristallines<\/strong> de cette belle \u00e9tendue de c\u00f4te. Le <strong>centre de plong\u00e9e<\/strong> organise des plong\u00e9es pour explorer les fonds marins immacul\u00e9s, tandis que le court de tennis et le terrain de football sont disponibles pour les matchs et les d\u00e9fis entre amis.<\/p>\n","protected":false},"excerpt":{"rendered":"<p>L&rsquo;H\u00f4tel Palumbalza \u00e0 Porto Rotondo est un complexe con\u00e7u pour assurer une d\u00e9tente maximale sans sacrifier le bien-\u00eatre du sport. La piscine, aliment\u00e9e en eau de mer, donne directement sur la magnifique plage de Baia di Marinella. Il est entour\u00e9 d&rsquo;un gazon doux et rafra\u00eechissant, berc\u00e9 par une v\u00e9g\u00e9tation large et luxuriante, pour profiter d&rsquo;agr\u00e9ables [&hellip;]<\/p>\n","protected":false},"author":36,"featured_media":0,"parent":231,"menu_order":5,"comment_status":"closed","ping_status":"closed","template":"template-single-service.php","meta":{"footnotes":""},"class_list":["post-247","page","type-page","status-publish","hentry"],"yoast_head":"<!-- This site is optimized with the Yoast SEO plugin v26.9 - https:\/\/yoast.com\/product\/yoast-seo-wordpress\/ -->\n<title>Sport et d\u00e9tente - Hotel Palumbalza -<\/title>\n<meta name=\"description\" content=\"L&#039;H\u00f4tel Palumbalza \u00e0 Porto Rotondo est un complexe con\u00e7u pour assurer une d\u00e9tente maximale sans sacrifier le bien-\u00eatre du sport.  La piscine, aliment\u00e9e en eau de mer, donne directement sur la magnifique plage de Baia di Marinella. Il est entour\u00e9 d&#039;un gazon doux et rafra\u00eechissant, berc\u00e9 par une v\u00e9g\u00e9tation large et luxuriante, pour profiter d&#039;agr\u00e9ables moments de d\u00e9tente au soleil ou de moments de d\u00e9tente r\u00e9g\u00e9n\u00e9rants \u00e0 l&#039;ombre.  En quelques \u00e9tapes, vous pourrez plonger dans les eaux cristallines de cette belle \u00e9tendue de c\u00f4te\" \/>\n<meta name=\"robots\" content=\"noindex, follow\" \/>\n<meta property=\"og:locale\" content=\"fr_FR\" \/>\n<meta property=\"og:type\" content=\"article\" \/>\n<meta property=\"og:title\" content=\"Sport et d\u00e9tente - Hotel Palumbalza -\" \/>\n<meta property=\"og:description\" content=\"L&#039;H\u00f4tel Palumbalza \u00e0 Porto Rotondo est un complexe con\u00e7u pour assurer une d\u00e9tente maximale sans sacrifier le bien-\u00eatre du sport.  La piscine, aliment\u00e9e en eau de mer, donne directement sur la magnifique plage de Baia di Marinella. Il est entour\u00e9 d&#039;un gazon doux et rafra\u00eechissant, berc\u00e9 par une v\u00e9g\u00e9tation large et luxuriante, pour profiter d&#039;agr\u00e9ables moments de d\u00e9tente au soleil ou de moments de d\u00e9tente r\u00e9g\u00e9n\u00e9rants \u00e0 l&#039;ombre.  En quelques \u00e9tapes, vous pourrez plonger dans les eaux cristallines de cette belle \u00e9tendue de c\u00f4te\" \/>\n<meta property=\"og:url\" content=\"https:\/\/www.hotelpalumbalzaportorotondo.it\/fr\/services\/sport-et-detente\/\" \/>\n<meta property=\"og:site_name\" content=\"Hotel Palumbalza\" \/>\n<meta property=\"article:modified_time\" content=\"2021-04-18T15:05:29+00:00\" \/>\n<meta name=\"twitter:card\" content=\"summary_large_image\" \/>\n<meta name=\"twitter:label1\" content=\"Dur\u00e9e de lecture estim\u00e9e\" \/>\n\t<meta name=\"twitter:data1\" content=\"1 minute\" \/>\n<script type=\"application\/ld+json\" class=\"yoast-schema-graph\">{\"@context\":\"https:\/\/schema.org\",\"@graph\":[{\"@type\":\"WebPage\",\"@id\":\"https:\/\/www.hotelpalumbalzaportorotondo.it\/fr\/services\/sport-et-detente\/\",\"url\":\"https:\/\/www.hotelpalumbalzaportorotondo.it\/fr\/services\/sport-et-detente\/\",\"name\":\"Sport et d\u00e9tente - Hotel Palumbalza -\",\"isPartOf\":{\"@id\":\"https:\/\/www.hotelpalumbalzaportorotondo.it\/fr\/#website\"},\"datePublished\":\"2021-04-18T14:54:37+00:00\",\"dateModified\":\"2021-04-18T15:05:29+00:00\",\"description\":\"L'H\u00f4tel Palumbalza \u00e0 Porto Rotondo est un complexe con\u00e7u pour assurer une d\u00e9tente maximale sans sacrifier le bien-\u00eatre du sport. La piscine, aliment\u00e9e en eau de mer, donne directement sur la magnifique plage de Baia di Marinella. Il est entour\u00e9 d'un gazon doux et rafra\u00eechissant, berc\u00e9 par une v\u00e9g\u00e9tation large et luxuriante, pour profiter d'agr\u00e9ables moments de d\u00e9tente au soleil ou de moments de d\u00e9tente r\u00e9g\u00e9n\u00e9rants \u00e0 l'ombre. En quelques \u00e9tapes, vous pourrez plonger dans les eaux cristallines de cette belle \u00e9tendue de c\u00f4te\",\"breadcrumb\":{\"@id\":\"https:\/\/www.hotelpalumbalzaportorotondo.it\/fr\/services\/sport-et-detente\/#breadcrumb\"},\"inLanguage\":\"fr-FR\",\"potentialAction\":[{\"@type\":\"ReadAction\",\"target\":[\"https:\/\/www.hotelpalumbalzaportorotondo.it\/fr\/services\/sport-et-detente\/\"]}]},{\"@type\":\"BreadcrumbList\",\"@id\":\"https:\/\/www.hotelpalumbalzaportorotondo.it\/fr\/services\/sport-et-detente\/#breadcrumb\",\"itemListElement\":[{\"@type\":\"ListItem\",\"position\":1,\"name\":\"Home\",\"item\":\"https:\/\/www.hotelpalumbalzaportorotondo.it\/fr\/\"},{\"@type\":\"ListItem\",\"position\":2,\"name\":\"Services\",\"item\":\"https:\/\/www.hotelpalumbalzaportorotondo.it\/fr\/services\/\"},{\"@type\":\"ListItem\",\"position\":3,\"name\":\"Sport et d\u00e9tente\"}]},{\"@type\":\"WebSite\",\"@id\":\"https:\/\/www.hotelpalumbalzaportorotondo.it\/fr\/#website\",\"url\":\"https:\/\/www.hotelpalumbalzaportorotondo.it\/fr\/\",\"name\":\"Hotel Palumbalza\",\"description\":\"Just another ms.decms.eu site\",\"potentialAction\":[{\"@type\":\"SearchAction\",\"target\":{\"@type\":\"EntryPoint\",\"urlTemplate\":\"https:\/\/www.hotelpalumbalzaportorotondo.it\/fr\/?s={search_term_string}\"},\"query-input\":{\"@type\":\"PropertyValueSpecification\",\"valueRequired\":true,\"valueName\":\"search_term_string\"}}],\"inLanguage\":\"fr-FR\"}]}<\/script>\n<!-- \/ Yoast SEO plugin. -->","yoast_head_json":{"title":"Sport et d\u00e9tente - Hotel Palumbalza -","description":"L'H\u00f4tel Palumbalza \u00e0 Porto Rotondo est un complexe con\u00e7u pour assurer une d\u00e9tente maximale sans sacrifier le bien-\u00eatre du sport.  La piscine, aliment\u00e9e en eau de mer, donne directement sur la magnifique plage de Baia di Marinella. Il est entour\u00e9 d'un gazon doux et rafra\u00eechissant, berc\u00e9 par une v\u00e9g\u00e9tation large et luxuriante, pour profiter d'agr\u00e9ables moments de d\u00e9tente au soleil ou de moments de d\u00e9tente r\u00e9g\u00e9n\u00e9rants \u00e0 l'ombre.  En quelques \u00e9tapes, vous pourrez plonger dans les eaux cristallines de cette belle \u00e9tendue de c\u00f4te","robots":{"index":"noindex","follow":"follow"},"og_locale":"fr_FR","og_type":"article","og_title":"Sport et d\u00e9tente - Hotel Palumbalza -","og_description":"L'H\u00f4tel Palumbalza \u00e0 Porto Rotondo est un complexe con\u00e7u pour assurer une d\u00e9tente maximale sans sacrifier le bien-\u00eatre du sport.  La piscine, aliment\u00e9e en eau de mer, donne directement sur la magnifique plage de Baia di Marinella. Il est entour\u00e9 d'un gazon doux et rafra\u00eechissant, berc\u00e9 par une v\u00e9g\u00e9tation large et luxuriante, pour profiter d'agr\u00e9ables moments de d\u00e9tente au soleil ou de moments de d\u00e9tente r\u00e9g\u00e9n\u00e9rants \u00e0 l'ombre.  En quelques \u00e9tapes, vous pourrez plonger dans les eaux cristallines de cette belle \u00e9tendue de c\u00f4te","og_url":"https:\/\/www.hotelpalumbalzaportorotondo.it\/fr\/services\/sport-et-detente\/","og_site_name":"Hotel Palumbalza","article_modified_time":"2021-04-18T15:05:29+00:00","twitter_card":"summary_large_image","twitter_misc":{"Dur\u00e9e de lecture estim\u00e9e":"1 minute"},"schema":{"@context":"https:\/\/schema.org","@graph":[{"@type":"WebPage","@id":"https:\/\/www.hotelpalumbalzaportorotondo.it\/fr\/services\/sport-et-detente\/","url":"https:\/\/www.hotelpalumbalzaportorotondo.it\/fr\/services\/sport-et-detente\/","name":"Sport et d\u00e9tente - Hotel Palumbalza -","isPartOf":{"@id":"https:\/\/www.hotelpalumbalzaportorotondo.it\/fr\/#website"},"datePublished":"2021-04-18T14:54:37+00:00","dateModified":"2021-04-18T15:05:29+00:00","description":"L'H\u00f4tel Palumbalza \u00e0 Porto Rotondo est un complexe con\u00e7u pour assurer une d\u00e9tente maximale sans sacrifier le bien-\u00eatre du sport. La piscine, aliment\u00e9e en eau de mer, donne directement sur la magnifique plage de Baia di Marinella. Il est entour\u00e9 d'un gazon doux et rafra\u00eechissant, berc\u00e9 par une v\u00e9g\u00e9tation large et luxuriante, pour profiter d'agr\u00e9ables moments de d\u00e9tente au soleil ou de moments de d\u00e9tente r\u00e9g\u00e9n\u00e9rants \u00e0 l'ombre. En quelques \u00e9tapes, vous pourrez plonger dans les eaux cristallines de cette belle \u00e9tendue de c\u00f4te","breadcrumb":{"@id":"https:\/\/www.hotelpalumbalzaportorotondo.it\/fr\/services\/sport-et-detente\/#breadcrumb"},"inLanguage":"fr-FR","potentialAction":[{"@type":"ReadAction","target":["https:\/\/www.hotelpalumbalzaportorotondo.it\/fr\/services\/sport-et-detente\/"]}]},{"@type":"BreadcrumbList","@id":"https:\/\/www.hotelpalumbalzaportorotondo.it\/fr\/services\/sport-et-detente\/#breadcrumb","itemListElement":[{"@type":"ListItem","position":1,"name":"Home","item":"https:\/\/www.hotelpalumbalzaportorotondo.it\/fr\/"},{"@type":"ListItem","position":2,"name":"Services","item":"https:\/\/www.hotelpalumbalzaportorotondo.it\/fr\/services\/"},{"@type":"ListItem","position":3,"name":"Sport et d\u00e9tente"}]},{"@type":"WebSite","@id":"https:\/\/www.hotelpalumbalzaportorotondo.it\/fr\/#website","url":"https:\/\/www.hotelpalumbalzaportorotondo.it\/fr\/","name":"Hotel Palumbalza","description":"Just another ms.decms.eu site","potentialAction":[{"@type":"SearchAction","target":{"@type":"EntryPoint","urlTemplate":"https:\/\/www.hotelpalumbalzaportorotondo.it\/fr\/?s={search_term_string}"},"query-input":{"@type":"PropertyValueSpecification","valueRequired":true,"valueName":"search_term_string"}}],"inLanguage":"fr-FR"}]}},"acf":[],"_links":{"self":[{"href":"https:\/\/www.hotelpalumbalzaportorotondo.it\/fr\/wp-json\/wp\/v2\/pages\/247","targetHints":{"allow":["GET"]}}],"collection":[{"href":"https:\/\/www.hotelpalumbalzaportorotondo.it\/fr\/wp-json\/wp\/v2\/pages"}],"about":[{"href":"https:\/\/www.hotelpalumbalzaportorotondo.it\/fr\/wp-json\/wp\/v2\/types\/page"}],"author":[{"embeddable":true,"href":"https:\/\/www.hotelpalumbalzaportorotondo.it\/fr\/wp-json\/wp\/v2\/users\/36"}],"replies":[{"embeddable":true,"href":"https:\/\/www.hotelpalumbalzaportorotondo.it\/fr\/wp-json\/wp\/v2\/comments?post=247"}],"version-history":[{"count":0,"href":"https:\/\/www.hotelpalumbalzaportorotondo.it\/fr\/wp-json\/wp\/v2\/pages\/247\/revisions"}],"up":[{"embeddable":true,"href":"https:\/\/www.hotelpalumbalzaportorotondo.it\/fr\/wp-json\/wp\/v2\/pages\/231"}],"wp:attachment":[{"href":"https:\/\/www.hotelpalumbalzaportorotondo.it\/fr\/wp-json\/wp\/v2\/media?parent=247"}],"curies":[{"name":"wp","href":"https:\/\/api.w.org\/{rel}","templated":true}]}}