{"id":210,"date":"2021-04-16T14:23:54","date_gmt":"2021-04-16T14:23:54","guid":{"rendered":"http:\/\/hotel-palumbalza.ms.decms.eu\/?page_id=210"},"modified":"2023-02-07T11:36:47","modified_gmt":"2023-02-07T11:36:47","slug":"junior-suite-family","status":"publish","type":"page","link":"https:\/\/www.hotelpalumbalzaportorotondo.it\/fr\/chambres\/junior-suite-family\/","title":{"rendered":"Junior Suite Family"},"content":{"rendered":"<p style=\"text-align: center;\">Pour qui d\u00e9sire profiter au maximum de ses vacances, voil\u00e0 la solution. Compl\u00e8te de tout confort, la <strong>Junior Suite Family<\/strong> offre un <strong>petit salon s\u00e9par\u00e9<\/strong> de la zone nuit, de<strong> grandes fen\u00eatres<\/strong> avec une <strong>vue sur la mer<\/strong> \u00e0 en couper le souffle, des <strong>int\u00e9rieurs spacieux et fonctionnels<\/strong>, id\u00e9aux pour qui aime voyager en famille. L\u2019environnement m\u00e9diterran\u00e9en est exalt\u00e9 par le mobilier de style raffin\u00e9.<\/p>\n<p style=\"text-align: center;\">Vue extraordinaire sur la mer<br \/>\nPlage priv\u00e9e<br \/>\nPetit-d\u00e9jeuner inclus<br \/>\nPetits animaux inclus<br \/>\nFauteuil-lit ou un lit suppl\u00e9mentaire<\/p>\n<p style=\"text-align: center;\"><strong>Occupation maximale pour 4 personnes \/ 30m\u00b2<\/strong><\/p>\n","protected":false},"excerpt":{"rendered":"<p>Pour qui d\u00e9sire profiter au maximum de ses vacances, voil\u00e0 la solution. Compl\u00e8te de tout confort, la Junior Suite Family offre un petit salon s\u00e9par\u00e9 de la zone nuit, de grandes fen\u00eatres avec une vue sur la mer \u00e0 en couper le souffle, des int\u00e9rieurs spacieux et fonctionnels, id\u00e9aux pour qui aime voyager en famille. [&hellip;]<\/p>\n","protected":false},"author":36,"featured_media":0,"parent":103,"menu_order":40,"comment_status":"closed","ping_status":"closed","template":"template-single-room.php","meta":{"footnotes":""},"class_list":["post-210","page","type-page","status-publish","hentry"],"yoast_head":"<!-- This site is optimized with the Yoast SEO plugin v26.9 - https:\/\/yoast.com\/product\/yoast-seo-wordpress\/ -->\n<title>Junior Suite Family - Hotel Palumbalza -<\/title>\n<meta name=\"description\" content=\"Pour qui d\u00e9sire profiter au maximum de ses vacances, voil\u00e0 la solution. Compl\u00e8te de tout confort, la Junior Suite Family offre un petit salon s\u00e9par\u00e9 de la zone nuit, de grandes fen\u00eatres avec une vue sur la mer \u00e0 en couper le souffle, des int\u00e9rieurs spacieux et fonctionnels, id\u00e9aux pour qui aime voyager en famille\" \/>\n<meta name=\"robots\" content=\"noindex, follow\" \/>\n<meta property=\"og:locale\" content=\"fr_FR\" \/>\n<meta property=\"og:type\" content=\"article\" \/>\n<meta property=\"og:title\" content=\"Junior Suite Family - Hotel Palumbalza -\" \/>\n<meta property=\"og:description\" content=\"Pour qui d\u00e9sire profiter au maximum de ses vacances, voil\u00e0 la solution. Compl\u00e8te de tout confort, la Junior Suite Family offre un petit salon s\u00e9par\u00e9 de la zone nuit, de grandes fen\u00eatres avec une vue sur la mer \u00e0 en couper le souffle, des int\u00e9rieurs spacieux et fonctionnels, id\u00e9aux pour qui aime voyager en famille\" \/>\n<meta property=\"og:url\" content=\"https:\/\/www.hotelpalumbalzaportorotondo.it\/fr\/chambres\/junior-suite-family\/\" \/>\n<meta property=\"og:site_name\" content=\"Hotel Palumbalza\" \/>\n<meta property=\"article:modified_time\" content=\"2023-02-07T11:36:47+00:00\" \/>\n<meta name=\"twitter:card\" content=\"summary_large_image\" \/>\n<meta name=\"twitter:label1\" content=\"Dur\u00e9e de lecture estim\u00e9e\" \/>\n\t<meta name=\"twitter:data1\" content=\"1 minute\" \/>\n<script type=\"application\/ld+json\" class=\"yoast-schema-graph\">{\"@context\":\"https:\/\/schema.org\",\"@graph\":[{\"@type\":\"WebPage\",\"@id\":\"https:\/\/www.hotelpalumbalzaportorotondo.it\/fr\/chambres\/junior-suite-family\/\",\"url\":\"https:\/\/www.hotelpalumbalzaportorotondo.it\/fr\/chambres\/junior-suite-family\/\",\"name\":\"Junior Suite Family - Hotel Palumbalza -\",\"isPartOf\":{\"@id\":\"https:\/\/www.hotelpalumbalzaportorotondo.it\/fr\/#website\"},\"datePublished\":\"2021-04-16T14:23:54+00:00\",\"dateModified\":\"2023-02-07T11:36:47+00:00\",\"description\":\"Pour qui d\u00e9sire profiter au maximum de ses vacances, voil\u00e0 la solution. Compl\u00e8te de tout confort, la Junior Suite Family offre un petit salon s\u00e9par\u00e9 de la zone nuit, de grandes fen\u00eatres avec une vue sur la mer \u00e0 en couper le souffle, des int\u00e9rieurs spacieux et fonctionnels, id\u00e9aux pour qui aime voyager en famille\",\"breadcrumb\":{\"@id\":\"https:\/\/www.hotelpalumbalzaportorotondo.it\/fr\/chambres\/junior-suite-family\/#breadcrumb\"},\"inLanguage\":\"fr-FR\",\"potentialAction\":[{\"@type\":\"ReadAction\",\"target\":[\"https:\/\/www.hotelpalumbalzaportorotondo.it\/fr\/chambres\/junior-suite-family\/\"]}]},{\"@type\":\"BreadcrumbList\",\"@id\":\"https:\/\/www.hotelpalumbalzaportorotondo.it\/fr\/chambres\/junior-suite-family\/#breadcrumb\",\"itemListElement\":[{\"@type\":\"ListItem\",\"position\":1,\"name\":\"Home\",\"item\":\"https:\/\/www.hotelpalumbalzaportorotondo.it\/fr\/\"},{\"@type\":\"ListItem\",\"position\":2,\"name\":\"Chambres\",\"item\":\"https:\/\/www.hotelpalumbalzaportorotondo.it\/fr\/chambres\/\"},{\"@type\":\"ListItem\",\"position\":3,\"name\":\"Junior Suite Family\"}]},{\"@type\":\"WebSite\",\"@id\":\"https:\/\/www.hotelpalumbalzaportorotondo.it\/fr\/#website\",\"url\":\"https:\/\/www.hotelpalumbalzaportorotondo.it\/fr\/\",\"name\":\"Hotel Palumbalza\",\"description\":\"Just another ms.decms.eu site\",\"potentialAction\":[{\"@type\":\"SearchAction\",\"target\":{\"@type\":\"EntryPoint\",\"urlTemplate\":\"https:\/\/www.hotelpalumbalzaportorotondo.it\/fr\/?s={search_term_string}\"},\"query-input\":{\"@type\":\"PropertyValueSpecification\",\"valueRequired\":true,\"valueName\":\"search_term_string\"}}],\"inLanguage\":\"fr-FR\"}]}<\/script>\n<!-- \/ Yoast SEO plugin. -->","yoast_head_json":{"title":"Junior Suite Family - Hotel Palumbalza -","description":"Pour qui d\u00e9sire profiter au maximum de ses vacances, voil\u00e0 la solution. Compl\u00e8te de tout confort, la Junior Suite Family offre un petit salon s\u00e9par\u00e9 de la zone nuit, de grandes fen\u00eatres avec une vue sur la mer \u00e0 en couper le souffle, des int\u00e9rieurs spacieux et fonctionnels, id\u00e9aux pour qui aime voyager en famille","robots":{"index":"noindex","follow":"follow"},"og_locale":"fr_FR","og_type":"article","og_title":"Junior Suite Family - Hotel Palumbalza -","og_description":"Pour qui d\u00e9sire profiter au maximum de ses vacances, voil\u00e0 la solution. Compl\u00e8te de tout confort, la Junior Suite Family offre un petit salon s\u00e9par\u00e9 de la zone nuit, de grandes fen\u00eatres avec une vue sur la mer \u00e0 en couper le souffle, des int\u00e9rieurs spacieux et fonctionnels, id\u00e9aux pour qui aime voyager en famille","og_url":"https:\/\/www.hotelpalumbalzaportorotondo.it\/fr\/chambres\/junior-suite-family\/","og_site_name":"Hotel Palumbalza","article_modified_time":"2023-02-07T11:36:47+00:00","twitter_card":"summary_large_image","twitter_misc":{"Dur\u00e9e de lecture estim\u00e9e":"1 minute"},"schema":{"@context":"https:\/\/schema.org","@graph":[{"@type":"WebPage","@id":"https:\/\/www.hotelpalumbalzaportorotondo.it\/fr\/chambres\/junior-suite-family\/","url":"https:\/\/www.hotelpalumbalzaportorotondo.it\/fr\/chambres\/junior-suite-family\/","name":"Junior Suite Family - Hotel Palumbalza -","isPartOf":{"@id":"https:\/\/www.hotelpalumbalzaportorotondo.it\/fr\/#website"},"datePublished":"2021-04-16T14:23:54+00:00","dateModified":"2023-02-07T11:36:47+00:00","description":"Pour qui d\u00e9sire profiter au maximum de ses vacances, voil\u00e0 la solution. Compl\u00e8te de tout confort, la Junior Suite Family offre un petit salon s\u00e9par\u00e9 de la zone nuit, de grandes fen\u00eatres avec une vue sur la mer \u00e0 en couper le souffle, des int\u00e9rieurs spacieux et fonctionnels, id\u00e9aux pour qui aime voyager en famille","breadcrumb":{"@id":"https:\/\/www.hotelpalumbalzaportorotondo.it\/fr\/chambres\/junior-suite-family\/#breadcrumb"},"inLanguage":"fr-FR","potentialAction":[{"@type":"ReadAction","target":["https:\/\/www.hotelpalumbalzaportorotondo.it\/fr\/chambres\/junior-suite-family\/"]}]},{"@type":"BreadcrumbList","@id":"https:\/\/www.hotelpalumbalzaportorotondo.it\/fr\/chambres\/junior-suite-family\/#breadcrumb","itemListElement":[{"@type":"ListItem","position":1,"name":"Home","item":"https:\/\/www.hotelpalumbalzaportorotondo.it\/fr\/"},{"@type":"ListItem","position":2,"name":"Chambres","item":"https:\/\/www.hotelpalumbalzaportorotondo.it\/fr\/chambres\/"},{"@type":"ListItem","position":3,"name":"Junior Suite Family"}]},{"@type":"WebSite","@id":"https:\/\/www.hotelpalumbalzaportorotondo.it\/fr\/#website","url":"https:\/\/www.hotelpalumbalzaportorotondo.it\/fr\/","name":"Hotel Palumbalza","description":"Just another ms.decms.eu site","potentialAction":[{"@type":"SearchAction","target":{"@type":"EntryPoint","urlTemplate":"https:\/\/www.hotelpalumbalzaportorotondo.it\/fr\/?s={search_term_string}"},"query-input":{"@type":"PropertyValueSpecification","valueRequired":true,"valueName":"search_term_string"}}],"inLanguage":"fr-FR"}]}},"acf":[],"_links":{"self":[{"href":"https:\/\/www.hotelpalumbalzaportorotondo.it\/fr\/wp-json\/wp\/v2\/pages\/210","targetHints":{"allow":["GET"]}}],"collection":[{"href":"https:\/\/www.hotelpalumbalzaportorotondo.it\/fr\/wp-json\/wp\/v2\/pages"}],"about":[{"href":"https:\/\/www.hotelpalumbalzaportorotondo.it\/fr\/wp-json\/wp\/v2\/types\/page"}],"author":[{"embeddable":true,"href":"https:\/\/www.hotelpalumbalzaportorotondo.it\/fr\/wp-json\/wp\/v2\/users\/36"}],"replies":[{"embeddable":true,"href":"https:\/\/www.hotelpalumbalzaportorotondo.it\/fr\/wp-json\/wp\/v2\/comments?post=210"}],"version-history":[{"count":0,"href":"https:\/\/www.hotelpalumbalzaportorotondo.it\/fr\/wp-json\/wp\/v2\/pages\/210\/revisions"}],"up":[{"embeddable":true,"href":"https:\/\/www.hotelpalumbalzaportorotondo.it\/fr\/wp-json\/wp\/v2\/pages\/103"}],"wp:attachment":[{"href":"https:\/\/www.hotelpalumbalzaportorotondo.it\/fr\/wp-json\/wp\/v2\/media?parent=210"}],"curies":[{"name":"wp","href":"https:\/\/api.w.org\/{rel}","templated":true}]}}