{"id":182,"date":"2021-04-16T09:32:34","date_gmt":"2021-04-16T09:32:34","guid":{"rendered":"http:\/\/hotel-palumbalza.ms.decms.eu\/?page_id=182"},"modified":"2023-08-15T10:54:10","modified_gmt":"2023-08-15T10:54:10","slug":"classic-triple","status":"publish","type":"page","link":"https:\/\/www.hotelpalumbalzaportorotondo.it\/fr\/chambres\/classic-triple\/","title":{"rendered":"Classic Triple"},"content":{"rendered":"<p style=\"text-align: center\">Les grandes fen\u00eatres donnent sur un coin de rare beaut\u00e9, des <strong>jardins<\/strong> et des cours <strong>int\u00e9rieures fleuries<\/strong>, la v\u00e9g\u00e9tation rigoureuse de la <strong>pin\u00e8de m\u00e9diterran\u00e9enne<\/strong>. Pour compl\u00e9ter le tout, de grands<strong> espaces fonctionnels<\/strong>, des conforts complets, du mobilier en style typique.<\/p>\n<p style=\"text-align: center\">Vue interne ou sur le jardin<br \/>\nPlage priv\u00e9e<br \/>\nPetit animaux admis<br \/>\nFauteuil-lit ou un lit suppl\u00e9mentaire<\/p>\n<p style=\"text-align: center\"><strong>Occupation maximale pour 3 personnes \/ 21 m\u00b2<\/strong><\/p>\n","protected":false},"excerpt":{"rendered":"<p>Les grandes fen\u00eatres donnent sur un coin de rare beaut\u00e9, des jardins et des cours int\u00e9rieures fleuries, la v\u00e9g\u00e9tation rigoureuse de la pin\u00e8de m\u00e9diterran\u00e9enne. Pour compl\u00e9ter le tout, de grands espaces fonctionnels, des conforts complets, du mobilier en style typique. Vue interne ou sur le jardin Plage priv\u00e9e Petit animaux admis Fauteuil-lit ou un lit [&hellip;]<\/p>\n","protected":false},"author":36,"featured_media":0,"parent":103,"menu_order":20,"comment_status":"closed","ping_status":"closed","template":"template-single-room.php","meta":{"footnotes":""},"class_list":["post-182","page","type-page","status-publish","hentry"],"yoast_head":"<!-- This site is optimized with the Yoast SEO plugin v26.9 - https:\/\/yoast.com\/product\/yoast-seo-wordpress\/ -->\n<title>Classic Triple - Hotel Palumbalza -<\/title>\n<meta name=\"description\" content=\"Les grandes fen\u00eatres donnent sur un coin de rare beaut\u00e9, des jardins et des cours int\u00e9rieures fleuries, la v\u00e9g\u00e9tation rigoureuse de la pin\u00e8de m\u00e9diterran\u00e9enne. Pour compl\u00e9ter le tout, de grands espaces fonctionnels, des conforts complets, du mobilier en style typique. Vue interne ou sur le jardin Plage priv\u00e9e Petit animaux admis Fauteuil-lit ou un lit suppl\u00e9mentaire Occupation maximale pour 3 personnes \/ 21 m\u00b2\" \/>\n<meta name=\"robots\" content=\"noindex, follow\" \/>\n<meta property=\"og:locale\" content=\"fr_FR\" \/>\n<meta property=\"og:type\" content=\"article\" \/>\n<meta property=\"og:title\" content=\"Classic Triple - Hotel Palumbalza -\" \/>\n<meta property=\"og:description\" content=\"Les grandes fen\u00eatres donnent sur un coin de rare beaut\u00e9, des jardins et des cours int\u00e9rieures fleuries, la v\u00e9g\u00e9tation rigoureuse de la pin\u00e8de m\u00e9diterran\u00e9enne. Pour compl\u00e9ter le tout, de grands espaces fonctionnels, des conforts complets, du mobilier en style typique. Vue interne ou sur le jardin Plage priv\u00e9e Petit animaux admis Fauteuil-lit ou un lit suppl\u00e9mentaire Occupation maximale pour 3 personnes \/ 21 m\u00b2\" \/>\n<meta property=\"og:url\" content=\"https:\/\/www.hotelpalumbalzaportorotondo.it\/fr\/chambres\/classic-triple\/\" \/>\n<meta property=\"og:site_name\" content=\"Hotel Palumbalza\" \/>\n<meta property=\"article:modified_time\" content=\"2023-08-15T10:54:10+00:00\" \/>\n<meta name=\"twitter:card\" content=\"summary_large_image\" \/>\n<meta name=\"twitter:label1\" content=\"Dur\u00e9e de lecture estim\u00e9e\" \/>\n\t<meta name=\"twitter:data1\" content=\"1 minute\" \/>\n<script type=\"application\/ld+json\" class=\"yoast-schema-graph\">{\"@context\":\"https:\/\/schema.org\",\"@graph\":[{\"@type\":\"WebPage\",\"@id\":\"https:\/\/www.hotelpalumbalzaportorotondo.it\/fr\/chambres\/classic-triple\/\",\"url\":\"https:\/\/www.hotelpalumbalzaportorotondo.it\/fr\/chambres\/classic-triple\/\",\"name\":\"Classic Triple - Hotel Palumbalza -\",\"isPartOf\":{\"@id\":\"https:\/\/www.hotelpalumbalzaportorotondo.it\/fr\/#website\"},\"datePublished\":\"2021-04-16T09:32:34+00:00\",\"dateModified\":\"2023-08-15T10:54:10+00:00\",\"description\":\"Les grandes fen\u00eatres donnent sur un coin de rare beaut\u00e9, des jardins et des cours int\u00e9rieures fleuries, la v\u00e9g\u00e9tation rigoureuse de la pin\u00e8de m\u00e9diterran\u00e9enne. Pour compl\u00e9ter le tout, de grands espaces fonctionnels, des conforts complets, du mobilier en style typique. Vue interne ou sur le jardin Plage priv\u00e9e Petit animaux admis Fauteuil-lit ou un lit suppl\u00e9mentaire Occupation maximale pour 3 personnes \/ 21 m\u00b2\",\"breadcrumb\":{\"@id\":\"https:\/\/www.hotelpalumbalzaportorotondo.it\/fr\/chambres\/classic-triple\/#breadcrumb\"},\"inLanguage\":\"fr-FR\",\"potentialAction\":[{\"@type\":\"ReadAction\",\"target\":[\"https:\/\/www.hotelpalumbalzaportorotondo.it\/fr\/chambres\/classic-triple\/\"]}]},{\"@type\":\"BreadcrumbList\",\"@id\":\"https:\/\/www.hotelpalumbalzaportorotondo.it\/fr\/chambres\/classic-triple\/#breadcrumb\",\"itemListElement\":[{\"@type\":\"ListItem\",\"position\":1,\"name\":\"Home\",\"item\":\"https:\/\/www.hotelpalumbalzaportorotondo.it\/fr\/\"},{\"@type\":\"ListItem\",\"position\":2,\"name\":\"Chambres\",\"item\":\"https:\/\/www.hotelpalumbalzaportorotondo.it\/fr\/chambres\/\"},{\"@type\":\"ListItem\",\"position\":3,\"name\":\"Classic Triple\"}]},{\"@type\":\"WebSite\",\"@id\":\"https:\/\/www.hotelpalumbalzaportorotondo.it\/fr\/#website\",\"url\":\"https:\/\/www.hotelpalumbalzaportorotondo.it\/fr\/\",\"name\":\"Hotel Palumbalza\",\"description\":\"Just another ms.decms.eu site\",\"potentialAction\":[{\"@type\":\"SearchAction\",\"target\":{\"@type\":\"EntryPoint\",\"urlTemplate\":\"https:\/\/www.hotelpalumbalzaportorotondo.it\/fr\/?s={search_term_string}\"},\"query-input\":{\"@type\":\"PropertyValueSpecification\",\"valueRequired\":true,\"valueName\":\"search_term_string\"}}],\"inLanguage\":\"fr-FR\"}]}<\/script>\n<!-- \/ Yoast SEO plugin. -->","yoast_head_json":{"title":"Classic Triple - Hotel Palumbalza -","description":"Les grandes fen\u00eatres donnent sur un coin de rare beaut\u00e9, des jardins et des cours int\u00e9rieures fleuries, la v\u00e9g\u00e9tation rigoureuse de la pin\u00e8de m\u00e9diterran\u00e9enne. Pour compl\u00e9ter le tout, de grands espaces fonctionnels, des conforts complets, du mobilier en style typique. Vue interne ou sur le jardin Plage priv\u00e9e Petit animaux admis Fauteuil-lit ou un lit suppl\u00e9mentaire Occupation maximale pour 3 personnes \/ 21 m\u00b2","robots":{"index":"noindex","follow":"follow"},"og_locale":"fr_FR","og_type":"article","og_title":"Classic Triple - Hotel Palumbalza -","og_description":"Les grandes fen\u00eatres donnent sur un coin de rare beaut\u00e9, des jardins et des cours int\u00e9rieures fleuries, la v\u00e9g\u00e9tation rigoureuse de la pin\u00e8de m\u00e9diterran\u00e9enne. Pour compl\u00e9ter le tout, de grands espaces fonctionnels, des conforts complets, du mobilier en style typique. Vue interne ou sur le jardin Plage priv\u00e9e Petit animaux admis Fauteuil-lit ou un lit suppl\u00e9mentaire Occupation maximale pour 3 personnes \/ 21 m\u00b2","og_url":"https:\/\/www.hotelpalumbalzaportorotondo.it\/fr\/chambres\/classic-triple\/","og_site_name":"Hotel Palumbalza","article_modified_time":"2023-08-15T10:54:10+00:00","twitter_card":"summary_large_image","twitter_misc":{"Dur\u00e9e de lecture estim\u00e9e":"1 minute"},"schema":{"@context":"https:\/\/schema.org","@graph":[{"@type":"WebPage","@id":"https:\/\/www.hotelpalumbalzaportorotondo.it\/fr\/chambres\/classic-triple\/","url":"https:\/\/www.hotelpalumbalzaportorotondo.it\/fr\/chambres\/classic-triple\/","name":"Classic Triple - Hotel Palumbalza -","isPartOf":{"@id":"https:\/\/www.hotelpalumbalzaportorotondo.it\/fr\/#website"},"datePublished":"2021-04-16T09:32:34+00:00","dateModified":"2023-08-15T10:54:10+00:00","description":"Les grandes fen\u00eatres donnent sur un coin de rare beaut\u00e9, des jardins et des cours int\u00e9rieures fleuries, la v\u00e9g\u00e9tation rigoureuse de la pin\u00e8de m\u00e9diterran\u00e9enne. Pour compl\u00e9ter le tout, de grands espaces fonctionnels, des conforts complets, du mobilier en style typique. Vue interne ou sur le jardin Plage priv\u00e9e Petit animaux admis Fauteuil-lit ou un lit suppl\u00e9mentaire Occupation maximale pour 3 personnes \/ 21 m\u00b2","breadcrumb":{"@id":"https:\/\/www.hotelpalumbalzaportorotondo.it\/fr\/chambres\/classic-triple\/#breadcrumb"},"inLanguage":"fr-FR","potentialAction":[{"@type":"ReadAction","target":["https:\/\/www.hotelpalumbalzaportorotondo.it\/fr\/chambres\/classic-triple\/"]}]},{"@type":"BreadcrumbList","@id":"https:\/\/www.hotelpalumbalzaportorotondo.it\/fr\/chambres\/classic-triple\/#breadcrumb","itemListElement":[{"@type":"ListItem","position":1,"name":"Home","item":"https:\/\/www.hotelpalumbalzaportorotondo.it\/fr\/"},{"@type":"ListItem","position":2,"name":"Chambres","item":"https:\/\/www.hotelpalumbalzaportorotondo.it\/fr\/chambres\/"},{"@type":"ListItem","position":3,"name":"Classic Triple"}]},{"@type":"WebSite","@id":"https:\/\/www.hotelpalumbalzaportorotondo.it\/fr\/#website","url":"https:\/\/www.hotelpalumbalzaportorotondo.it\/fr\/","name":"Hotel Palumbalza","description":"Just another ms.decms.eu site","potentialAction":[{"@type":"SearchAction","target":{"@type":"EntryPoint","urlTemplate":"https:\/\/www.hotelpalumbalzaportorotondo.it\/fr\/?s={search_term_string}"},"query-input":{"@type":"PropertyValueSpecification","valueRequired":true,"valueName":"search_term_string"}}],"inLanguage":"fr-FR"}]}},"acf":[],"_links":{"self":[{"href":"https:\/\/www.hotelpalumbalzaportorotondo.it\/fr\/wp-json\/wp\/v2\/pages\/182","targetHints":{"allow":["GET"]}}],"collection":[{"href":"https:\/\/www.hotelpalumbalzaportorotondo.it\/fr\/wp-json\/wp\/v2\/pages"}],"about":[{"href":"https:\/\/www.hotelpalumbalzaportorotondo.it\/fr\/wp-json\/wp\/v2\/types\/page"}],"author":[{"embeddable":true,"href":"https:\/\/www.hotelpalumbalzaportorotondo.it\/fr\/wp-json\/wp\/v2\/users\/36"}],"replies":[{"embeddable":true,"href":"https:\/\/www.hotelpalumbalzaportorotondo.it\/fr\/wp-json\/wp\/v2\/comments?post=182"}],"version-history":[{"count":0,"href":"https:\/\/www.hotelpalumbalzaportorotondo.it\/fr\/wp-json\/wp\/v2\/pages\/182\/revisions"}],"up":[{"embeddable":true,"href":"https:\/\/www.hotelpalumbalzaportorotondo.it\/fr\/wp-json\/wp\/v2\/pages\/103"}],"wp:attachment":[{"href":"https:\/\/www.hotelpalumbalzaportorotondo.it\/fr\/wp-json\/wp\/v2\/media?parent=182"}],"curies":[{"name":"wp","href":"https:\/\/api.w.org\/{rel}","templated":true}]}}