{"id":149,"date":"2021-04-15T13:35:26","date_gmt":"2021-04-15T13:35:26","guid":{"rendered":"http:\/\/hotel-palumbalza.ms.decms.eu\/?page_id=149"},"modified":"2023-08-15T10:50:10","modified_gmt":"2023-08-15T10:50:10","slug":"superior-double","status":"publish","type":"page","link":"https:\/\/www.hotelpalumbalzaportorotondo.it\/fr\/chambres\/superior-double\/","title":{"rendered":"Superior Double"},"content":{"rendered":"<p style=\"text-align: center\">La <strong>vue extraordinaire sur la mer<\/strong> de la \u00ab\u00a0Costa Smeralda\u00a0\u00bb fait \u00e9prouver aux h\u00f4tes de la <strong>chambre Superior<\/strong> tout le charme de cette \u00eele m\u00e9diterran\u00e9enne. Une full immersion de <strong>soleil<\/strong>, <strong>lumi\u00e8re<\/strong>, <strong>mer<\/strong>, <strong>silences<\/strong> et privacy, \u00e0 laquelle s\u2019ajoute les int\u00e9rieurs aux m\u00e9trages g\u00e9n\u00e9reux, meubl\u00e9s dans le style typique de l\u2019\u00eele.<\/p>\n<p style=\"text-align: center\">Vue sur la mer<br \/>\nPlage priv\u00e9e<br \/>\nPetits animaux inclus<\/p>\n<p style=\"text-align: center\"><strong>Occupation maximale pour 2 personnes \/ 21 m\u00b2<\/strong><\/p>\n","protected":false},"excerpt":{"rendered":"<p>La vue extraordinaire sur la mer de la \u00ab\u00a0Costa Smeralda\u00a0\u00bb fait \u00e9prouver aux h\u00f4tes de la chambre Superior tout le charme de cette \u00eele m\u00e9diterran\u00e9enne. Une full immersion de soleil, lumi\u00e8re, mer, silences et privacy, \u00e0 laquelle s\u2019ajoute les int\u00e9rieurs aux m\u00e9trages g\u00e9n\u00e9reux, meubl\u00e9s dans le style typique de l\u2019\u00eele. Vue sur la mer Plage [&hellip;]<\/p>\n","protected":false},"author":36,"featured_media":0,"parent":103,"menu_order":10,"comment_status":"closed","ping_status":"closed","template":"template-single-room.php","meta":{"footnotes":""},"class_list":["post-149","page","type-page","status-publish","hentry"],"yoast_head":"<!-- This site is optimized with the Yoast SEO plugin v26.9 - https:\/\/yoast.com\/product\/yoast-seo-wordpress\/ -->\n<title>Superior Double - Hotel Palumbalza -<\/title>\n<meta name=\"description\" content=\"La vue extraordinaire sur la mer de la \u00ab\u00a0Costa Smeralda\u00a0\u00bb fait \u00e9prouver aux h\u00f4tes de la chambre Superior tout le charme de cette \u00eele m\u00e9diterran\u00e9enne. Une full immersion de soleil, lumi\u00e8re, mer, silences et privacy, \u00e0 laquelle s\u2019ajoute les int\u00e9rieurs aux m\u00e9trages g\u00e9n\u00e9reux, meubl\u00e9s dans le style typique de l\u2019\u00eele. Vue sur la mer Plage priv\u00e9e Petits animaux inclus Occupation maximale pour 2 personnes \/ 21 m\u00b2\" \/>\n<meta name=\"robots\" content=\"noindex, follow\" \/>\n<meta property=\"og:locale\" content=\"fr_FR\" \/>\n<meta property=\"og:type\" content=\"article\" \/>\n<meta property=\"og:title\" content=\"Superior Double - Hotel Palumbalza -\" \/>\n<meta property=\"og:description\" content=\"La vue extraordinaire sur la mer de la \u00ab\u00a0Costa Smeralda\u00a0\u00bb fait \u00e9prouver aux h\u00f4tes de la chambre Superior tout le charme de cette \u00eele m\u00e9diterran\u00e9enne. Une full immersion de soleil, lumi\u00e8re, mer, silences et privacy, \u00e0 laquelle s\u2019ajoute les int\u00e9rieurs aux m\u00e9trages g\u00e9n\u00e9reux, meubl\u00e9s dans le style typique de l\u2019\u00eele. Vue sur la mer Plage priv\u00e9e Petits animaux inclus Occupation maximale pour 2 personnes \/ 21 m\u00b2\" \/>\n<meta property=\"og:url\" content=\"https:\/\/www.hotelpalumbalzaportorotondo.it\/fr\/chambres\/superior-double\/\" \/>\n<meta property=\"og:site_name\" content=\"Hotel Palumbalza\" \/>\n<meta property=\"article:modified_time\" content=\"2023-08-15T10:50:10+00:00\" \/>\n<meta name=\"twitter:card\" content=\"summary_large_image\" \/>\n<meta name=\"twitter:label1\" content=\"Dur\u00e9e de lecture estim\u00e9e\" \/>\n\t<meta name=\"twitter:data1\" content=\"1 minute\" \/>\n<script type=\"application\/ld+json\" class=\"yoast-schema-graph\">{\"@context\":\"https:\/\/schema.org\",\"@graph\":[{\"@type\":\"WebPage\",\"@id\":\"https:\/\/www.hotelpalumbalzaportorotondo.it\/fr\/chambres\/superior-double\/\",\"url\":\"https:\/\/www.hotelpalumbalzaportorotondo.it\/fr\/chambres\/superior-double\/\",\"name\":\"Superior Double - Hotel Palumbalza -\",\"isPartOf\":{\"@id\":\"https:\/\/www.hotelpalumbalzaportorotondo.it\/fr\/#website\"},\"datePublished\":\"2021-04-15T13:35:26+00:00\",\"dateModified\":\"2023-08-15T10:50:10+00:00\",\"description\":\"La vue extraordinaire sur la mer de la \u00ab\u00a0Costa Smeralda\u00a0\u00bb fait \u00e9prouver aux h\u00f4tes de la chambre Superior tout le charme de cette \u00eele m\u00e9diterran\u00e9enne. Une full immersion de soleil, lumi\u00e8re, mer, silences et privacy, \u00e0 laquelle s\u2019ajoute les int\u00e9rieurs aux m\u00e9trages g\u00e9n\u00e9reux, meubl\u00e9s dans le style typique de l\u2019\u00eele. Vue sur la mer Plage priv\u00e9e Petits animaux inclus Occupation maximale pour 2 personnes \/ 21 m\u00b2\",\"breadcrumb\":{\"@id\":\"https:\/\/www.hotelpalumbalzaportorotondo.it\/fr\/chambres\/superior-double\/#breadcrumb\"},\"inLanguage\":\"fr-FR\",\"potentialAction\":[{\"@type\":\"ReadAction\",\"target\":[\"https:\/\/www.hotelpalumbalzaportorotondo.it\/fr\/chambres\/superior-double\/\"]}]},{\"@type\":\"BreadcrumbList\",\"@id\":\"https:\/\/www.hotelpalumbalzaportorotondo.it\/fr\/chambres\/superior-double\/#breadcrumb\",\"itemListElement\":[{\"@type\":\"ListItem\",\"position\":1,\"name\":\"Home\",\"item\":\"https:\/\/www.hotelpalumbalzaportorotondo.it\/fr\/\"},{\"@type\":\"ListItem\",\"position\":2,\"name\":\"Chambres\",\"item\":\"https:\/\/www.hotelpalumbalzaportorotondo.it\/fr\/chambres\/\"},{\"@type\":\"ListItem\",\"position\":3,\"name\":\"Superior Double\"}]},{\"@type\":\"WebSite\",\"@id\":\"https:\/\/www.hotelpalumbalzaportorotondo.it\/fr\/#website\",\"url\":\"https:\/\/www.hotelpalumbalzaportorotondo.it\/fr\/\",\"name\":\"Hotel Palumbalza\",\"description\":\"Just another ms.decms.eu site\",\"potentialAction\":[{\"@type\":\"SearchAction\",\"target\":{\"@type\":\"EntryPoint\",\"urlTemplate\":\"https:\/\/www.hotelpalumbalzaportorotondo.it\/fr\/?s={search_term_string}\"},\"query-input\":{\"@type\":\"PropertyValueSpecification\",\"valueRequired\":true,\"valueName\":\"search_term_string\"}}],\"inLanguage\":\"fr-FR\"}]}<\/script>\n<!-- \/ Yoast SEO plugin. -->","yoast_head_json":{"title":"Superior Double - Hotel Palumbalza -","description":"La vue extraordinaire sur la mer de la \u00ab\u00a0Costa Smeralda\u00a0\u00bb fait \u00e9prouver aux h\u00f4tes de la chambre Superior tout le charme de cette \u00eele m\u00e9diterran\u00e9enne. Une full immersion de soleil, lumi\u00e8re, mer, silences et privacy, \u00e0 laquelle s\u2019ajoute les int\u00e9rieurs aux m\u00e9trages g\u00e9n\u00e9reux, meubl\u00e9s dans le style typique de l\u2019\u00eele. Vue sur la mer Plage priv\u00e9e Petits animaux inclus Occupation maximale pour 2 personnes \/ 21 m\u00b2","robots":{"index":"noindex","follow":"follow"},"og_locale":"fr_FR","og_type":"article","og_title":"Superior Double - Hotel Palumbalza -","og_description":"La vue extraordinaire sur la mer de la \u00ab\u00a0Costa Smeralda\u00a0\u00bb fait \u00e9prouver aux h\u00f4tes de la chambre Superior tout le charme de cette \u00eele m\u00e9diterran\u00e9enne. Une full immersion de soleil, lumi\u00e8re, mer, silences et privacy, \u00e0 laquelle s\u2019ajoute les int\u00e9rieurs aux m\u00e9trages g\u00e9n\u00e9reux, meubl\u00e9s dans le style typique de l\u2019\u00eele. Vue sur la mer Plage priv\u00e9e Petits animaux inclus Occupation maximale pour 2 personnes \/ 21 m\u00b2","og_url":"https:\/\/www.hotelpalumbalzaportorotondo.it\/fr\/chambres\/superior-double\/","og_site_name":"Hotel Palumbalza","article_modified_time":"2023-08-15T10:50:10+00:00","twitter_card":"summary_large_image","twitter_misc":{"Dur\u00e9e de lecture estim\u00e9e":"1 minute"},"schema":{"@context":"https:\/\/schema.org","@graph":[{"@type":"WebPage","@id":"https:\/\/www.hotelpalumbalzaportorotondo.it\/fr\/chambres\/superior-double\/","url":"https:\/\/www.hotelpalumbalzaportorotondo.it\/fr\/chambres\/superior-double\/","name":"Superior Double - Hotel Palumbalza -","isPartOf":{"@id":"https:\/\/www.hotelpalumbalzaportorotondo.it\/fr\/#website"},"datePublished":"2021-04-15T13:35:26+00:00","dateModified":"2023-08-15T10:50:10+00:00","description":"La vue extraordinaire sur la mer de la \u00ab\u00a0Costa Smeralda\u00a0\u00bb fait \u00e9prouver aux h\u00f4tes de la chambre Superior tout le charme de cette \u00eele m\u00e9diterran\u00e9enne. Une full immersion de soleil, lumi\u00e8re, mer, silences et privacy, \u00e0 laquelle s\u2019ajoute les int\u00e9rieurs aux m\u00e9trages g\u00e9n\u00e9reux, meubl\u00e9s dans le style typique de l\u2019\u00eele. Vue sur la mer Plage priv\u00e9e Petits animaux inclus Occupation maximale pour 2 personnes \/ 21 m\u00b2","breadcrumb":{"@id":"https:\/\/www.hotelpalumbalzaportorotondo.it\/fr\/chambres\/superior-double\/#breadcrumb"},"inLanguage":"fr-FR","potentialAction":[{"@type":"ReadAction","target":["https:\/\/www.hotelpalumbalzaportorotondo.it\/fr\/chambres\/superior-double\/"]}]},{"@type":"BreadcrumbList","@id":"https:\/\/www.hotelpalumbalzaportorotondo.it\/fr\/chambres\/superior-double\/#breadcrumb","itemListElement":[{"@type":"ListItem","position":1,"name":"Home","item":"https:\/\/www.hotelpalumbalzaportorotondo.it\/fr\/"},{"@type":"ListItem","position":2,"name":"Chambres","item":"https:\/\/www.hotelpalumbalzaportorotondo.it\/fr\/chambres\/"},{"@type":"ListItem","position":3,"name":"Superior Double"}]},{"@type":"WebSite","@id":"https:\/\/www.hotelpalumbalzaportorotondo.it\/fr\/#website","url":"https:\/\/www.hotelpalumbalzaportorotondo.it\/fr\/","name":"Hotel Palumbalza","description":"Just another ms.decms.eu site","potentialAction":[{"@type":"SearchAction","target":{"@type":"EntryPoint","urlTemplate":"https:\/\/www.hotelpalumbalzaportorotondo.it\/fr\/?s={search_term_string}"},"query-input":{"@type":"PropertyValueSpecification","valueRequired":true,"valueName":"search_term_string"}}],"inLanguage":"fr-FR"}]}},"acf":[],"_links":{"self":[{"href":"https:\/\/www.hotelpalumbalzaportorotondo.it\/fr\/wp-json\/wp\/v2\/pages\/149","targetHints":{"allow":["GET"]}}],"collection":[{"href":"https:\/\/www.hotelpalumbalzaportorotondo.it\/fr\/wp-json\/wp\/v2\/pages"}],"about":[{"href":"https:\/\/www.hotelpalumbalzaportorotondo.it\/fr\/wp-json\/wp\/v2\/types\/page"}],"author":[{"embeddable":true,"href":"https:\/\/www.hotelpalumbalzaportorotondo.it\/fr\/wp-json\/wp\/v2\/users\/36"}],"replies":[{"embeddable":true,"href":"https:\/\/www.hotelpalumbalzaportorotondo.it\/fr\/wp-json\/wp\/v2\/comments?post=149"}],"version-history":[{"count":0,"href":"https:\/\/www.hotelpalumbalzaportorotondo.it\/fr\/wp-json\/wp\/v2\/pages\/149\/revisions"}],"up":[{"embeddable":true,"href":"https:\/\/www.hotelpalumbalzaportorotondo.it\/fr\/wp-json\/wp\/v2\/pages\/103"}],"wp:attachment":[{"href":"https:\/\/www.hotelpalumbalzaportorotondo.it\/fr\/wp-json\/wp\/v2\/media?parent=149"}],"curies":[{"name":"wp","href":"https:\/\/api.w.org\/{rel}","templated":true}]}}