{"id":120,"date":"2021-04-14T14:38:18","date_gmt":"2021-04-14T14:38:18","guid":{"rendered":"http:\/\/hotel-palumbalza.ms.decms.eu\/?page_id=120"},"modified":"2023-08-15T10:47:44","modified_gmt":"2023-08-15T10:47:44","slug":"classic-double","status":"publish","type":"page","link":"https:\/\/www.hotelpalumbalzaportorotondo.it\/fr\/chambres\/classic-double\/","title":{"rendered":"Classic Double"},"content":{"rendered":"<p style=\"text-align: center\">Illumin\u00e9es le jour par la chaude lumi\u00e8re de la Sardaigne, les <strong>chambres Classic<\/strong> la nuit deviennent des <strong>ambiances accueillantes<\/strong>, o\u00f9 l\u2019on peut am\u00e9liorer la <strong>qualit\u00e9 du repos<\/strong>. Le style des int\u00e9rieurs est inspir\u00e9 \u00e0 la <strong>tradition m\u00e9diterran\u00e9enne<\/strong>, et la vue sur le splendide jardin offre des <strong>moments de paix<\/strong> au go\u00fbt r\u00e9serv\u00e9.<\/p>\n<p style=\"text-align: center\">Petits animaux inclus<br \/>\nVue interne ou sur le jardin<\/p>\n<p style=\"text-align: center\"><strong>Occupation maximale pour 2 personnes \/ 21 m\u00b2<\/strong><\/p>\n","protected":false},"excerpt":{"rendered":"<p>Illumin\u00e9es le jour par la chaude lumi\u00e8re de la Sardaigne, les chambres Classic la nuit deviennent des ambiances accueillantes, o\u00f9 l\u2019on peut am\u00e9liorer la qualit\u00e9 du repos. Le style des int\u00e9rieurs est inspir\u00e9 \u00e0 la tradition m\u00e9diterran\u00e9enne, et la vue sur le splendide jardin offre des moments de paix au go\u00fbt r\u00e9serv\u00e9. Petits animaux inclus [&hellip;]<\/p>\n","protected":false},"author":36,"featured_media":0,"parent":103,"menu_order":5,"comment_status":"closed","ping_status":"closed","template":"template-single-room.php","meta":{"footnotes":""},"class_list":["post-120","page","type-page","status-publish","hentry"],"yoast_head":"<!-- This site is optimized with the Yoast SEO plugin v26.9 - https:\/\/yoast.com\/product\/yoast-seo-wordpress\/ -->\n<title>Classic Double - Hotel Palumbalza -<\/title>\n<meta name=\"description\" content=\"Illumin\u00e9es le jour par la chaude lumi\u00e8re de la Sardaigne, les chambres Classic la nuit deviennent des ambiances accueillantes, o\u00f9 l\u2019on peut am\u00e9liorer la qualit\u00e9 du repos. Le style des int\u00e9rieurs est inspir\u00e9 \u00e0 la tradition m\u00e9diterran\u00e9enne, et la vue sur le splendide jardin offre des moments de paix au go\u00fbt r\u00e9serv\u00e9. Petits animaux inclus Vue interne ou sur le jardin Occupation maximale pour 2 personnes \/ 21 m\u00b2\" \/>\n<meta name=\"robots\" content=\"noindex, follow\" \/>\n<meta property=\"og:locale\" content=\"fr_FR\" \/>\n<meta property=\"og:type\" content=\"article\" \/>\n<meta property=\"og:title\" content=\"Classic Double - Hotel Palumbalza -\" \/>\n<meta property=\"og:description\" content=\"Illumin\u00e9es le jour par la chaude lumi\u00e8re de la Sardaigne, les chambres Classic la nuit deviennent des ambiances accueillantes, o\u00f9 l\u2019on peut am\u00e9liorer la qualit\u00e9 du repos. Le style des int\u00e9rieurs est inspir\u00e9 \u00e0 la tradition m\u00e9diterran\u00e9enne, et la vue sur le splendide jardin offre des moments de paix au go\u00fbt r\u00e9serv\u00e9. Petits animaux inclus Vue interne ou sur le jardin Occupation maximale pour 2 personnes \/ 21 m\u00b2\" \/>\n<meta property=\"og:url\" content=\"https:\/\/www.hotelpalumbalzaportorotondo.it\/fr\/chambres\/classic-double\/\" \/>\n<meta property=\"og:site_name\" content=\"Hotel Palumbalza\" \/>\n<meta property=\"article:modified_time\" content=\"2023-08-15T10:47:44+00:00\" \/>\n<meta name=\"twitter:card\" content=\"summary_large_image\" \/>\n<meta name=\"twitter:label1\" content=\"Dur\u00e9e de lecture estim\u00e9e\" \/>\n\t<meta name=\"twitter:data1\" content=\"1 minute\" \/>\n<script type=\"application\/ld+json\" class=\"yoast-schema-graph\">{\"@context\":\"https:\/\/schema.org\",\"@graph\":[{\"@type\":\"WebPage\",\"@id\":\"https:\/\/www.hotelpalumbalzaportorotondo.it\/fr\/chambres\/classic-double\/\",\"url\":\"https:\/\/www.hotelpalumbalzaportorotondo.it\/fr\/chambres\/classic-double\/\",\"name\":\"Classic Double - Hotel Palumbalza -\",\"isPartOf\":{\"@id\":\"https:\/\/www.hotelpalumbalzaportorotondo.it\/fr\/#website\"},\"datePublished\":\"2021-04-14T14:38:18+00:00\",\"dateModified\":\"2023-08-15T10:47:44+00:00\",\"description\":\"Illumin\u00e9es le jour par la chaude lumi\u00e8re de la Sardaigne, les chambres Classic la nuit deviennent des ambiances accueillantes, o\u00f9 l\u2019on peut am\u00e9liorer la qualit\u00e9 du repos. Le style des int\u00e9rieurs est inspir\u00e9 \u00e0 la tradition m\u00e9diterran\u00e9enne, et la vue sur le splendide jardin offre des moments de paix au go\u00fbt r\u00e9serv\u00e9. Petits animaux inclus Vue interne ou sur le jardin Occupation maximale pour 2 personnes \/ 21 m\u00b2\",\"breadcrumb\":{\"@id\":\"https:\/\/www.hotelpalumbalzaportorotondo.it\/fr\/chambres\/classic-double\/#breadcrumb\"},\"inLanguage\":\"fr-FR\",\"potentialAction\":[{\"@type\":\"ReadAction\",\"target\":[\"https:\/\/www.hotelpalumbalzaportorotondo.it\/fr\/chambres\/classic-double\/\"]}]},{\"@type\":\"BreadcrumbList\",\"@id\":\"https:\/\/www.hotelpalumbalzaportorotondo.it\/fr\/chambres\/classic-double\/#breadcrumb\",\"itemListElement\":[{\"@type\":\"ListItem\",\"position\":1,\"name\":\"Home\",\"item\":\"https:\/\/www.hotelpalumbalzaportorotondo.it\/fr\/\"},{\"@type\":\"ListItem\",\"position\":2,\"name\":\"Chambres\",\"item\":\"https:\/\/www.hotelpalumbalzaportorotondo.it\/fr\/chambres\/\"},{\"@type\":\"ListItem\",\"position\":3,\"name\":\"Classic Double\"}]},{\"@type\":\"WebSite\",\"@id\":\"https:\/\/www.hotelpalumbalzaportorotondo.it\/fr\/#website\",\"url\":\"https:\/\/www.hotelpalumbalzaportorotondo.it\/fr\/\",\"name\":\"Hotel Palumbalza\",\"description\":\"Just another ms.decms.eu site\",\"potentialAction\":[{\"@type\":\"SearchAction\",\"target\":{\"@type\":\"EntryPoint\",\"urlTemplate\":\"https:\/\/www.hotelpalumbalzaportorotondo.it\/fr\/?s={search_term_string}\"},\"query-input\":{\"@type\":\"PropertyValueSpecification\",\"valueRequired\":true,\"valueName\":\"search_term_string\"}}],\"inLanguage\":\"fr-FR\"}]}<\/script>\n<!-- \/ Yoast SEO plugin. -->","yoast_head_json":{"title":"Classic Double - Hotel Palumbalza -","description":"Illumin\u00e9es le jour par la chaude lumi\u00e8re de la Sardaigne, les chambres Classic la nuit deviennent des ambiances accueillantes, o\u00f9 l\u2019on peut am\u00e9liorer la qualit\u00e9 du repos. Le style des int\u00e9rieurs est inspir\u00e9 \u00e0 la tradition m\u00e9diterran\u00e9enne, et la vue sur le splendide jardin offre des moments de paix au go\u00fbt r\u00e9serv\u00e9. Petits animaux inclus Vue interne ou sur le jardin Occupation maximale pour 2 personnes \/ 21 m\u00b2","robots":{"index":"noindex","follow":"follow"},"og_locale":"fr_FR","og_type":"article","og_title":"Classic Double - Hotel Palumbalza -","og_description":"Illumin\u00e9es le jour par la chaude lumi\u00e8re de la Sardaigne, les chambres Classic la nuit deviennent des ambiances accueillantes, o\u00f9 l\u2019on peut am\u00e9liorer la qualit\u00e9 du repos. Le style des int\u00e9rieurs est inspir\u00e9 \u00e0 la tradition m\u00e9diterran\u00e9enne, et la vue sur le splendide jardin offre des moments de paix au go\u00fbt r\u00e9serv\u00e9. Petits animaux inclus Vue interne ou sur le jardin Occupation maximale pour 2 personnes \/ 21 m\u00b2","og_url":"https:\/\/www.hotelpalumbalzaportorotondo.it\/fr\/chambres\/classic-double\/","og_site_name":"Hotel Palumbalza","article_modified_time":"2023-08-15T10:47:44+00:00","twitter_card":"summary_large_image","twitter_misc":{"Dur\u00e9e de lecture estim\u00e9e":"1 minute"},"schema":{"@context":"https:\/\/schema.org","@graph":[{"@type":"WebPage","@id":"https:\/\/www.hotelpalumbalzaportorotondo.it\/fr\/chambres\/classic-double\/","url":"https:\/\/www.hotelpalumbalzaportorotondo.it\/fr\/chambres\/classic-double\/","name":"Classic Double - Hotel Palumbalza -","isPartOf":{"@id":"https:\/\/www.hotelpalumbalzaportorotondo.it\/fr\/#website"},"datePublished":"2021-04-14T14:38:18+00:00","dateModified":"2023-08-15T10:47:44+00:00","description":"Illumin\u00e9es le jour par la chaude lumi\u00e8re de la Sardaigne, les chambres Classic la nuit deviennent des ambiances accueillantes, o\u00f9 l\u2019on peut am\u00e9liorer la qualit\u00e9 du repos. Le style des int\u00e9rieurs est inspir\u00e9 \u00e0 la tradition m\u00e9diterran\u00e9enne, et la vue sur le splendide jardin offre des moments de paix au go\u00fbt r\u00e9serv\u00e9. Petits animaux inclus Vue interne ou sur le jardin Occupation maximale pour 2 personnes \/ 21 m\u00b2","breadcrumb":{"@id":"https:\/\/www.hotelpalumbalzaportorotondo.it\/fr\/chambres\/classic-double\/#breadcrumb"},"inLanguage":"fr-FR","potentialAction":[{"@type":"ReadAction","target":["https:\/\/www.hotelpalumbalzaportorotondo.it\/fr\/chambres\/classic-double\/"]}]},{"@type":"BreadcrumbList","@id":"https:\/\/www.hotelpalumbalzaportorotondo.it\/fr\/chambres\/classic-double\/#breadcrumb","itemListElement":[{"@type":"ListItem","position":1,"name":"Home","item":"https:\/\/www.hotelpalumbalzaportorotondo.it\/fr\/"},{"@type":"ListItem","position":2,"name":"Chambres","item":"https:\/\/www.hotelpalumbalzaportorotondo.it\/fr\/chambres\/"},{"@type":"ListItem","position":3,"name":"Classic Double"}]},{"@type":"WebSite","@id":"https:\/\/www.hotelpalumbalzaportorotondo.it\/fr\/#website","url":"https:\/\/www.hotelpalumbalzaportorotondo.it\/fr\/","name":"Hotel Palumbalza","description":"Just another ms.decms.eu site","potentialAction":[{"@type":"SearchAction","target":{"@type":"EntryPoint","urlTemplate":"https:\/\/www.hotelpalumbalzaportorotondo.it\/fr\/?s={search_term_string}"},"query-input":{"@type":"PropertyValueSpecification","valueRequired":true,"valueName":"search_term_string"}}],"inLanguage":"fr-FR"}]}},"acf":[],"_links":{"self":[{"href":"https:\/\/www.hotelpalumbalzaportorotondo.it\/fr\/wp-json\/wp\/v2\/pages\/120","targetHints":{"allow":["GET"]}}],"collection":[{"href":"https:\/\/www.hotelpalumbalzaportorotondo.it\/fr\/wp-json\/wp\/v2\/pages"}],"about":[{"href":"https:\/\/www.hotelpalumbalzaportorotondo.it\/fr\/wp-json\/wp\/v2\/types\/page"}],"author":[{"embeddable":true,"href":"https:\/\/www.hotelpalumbalzaportorotondo.it\/fr\/wp-json\/wp\/v2\/users\/36"}],"replies":[{"embeddable":true,"href":"https:\/\/www.hotelpalumbalzaportorotondo.it\/fr\/wp-json\/wp\/v2\/comments?post=120"}],"version-history":[{"count":0,"href":"https:\/\/www.hotelpalumbalzaportorotondo.it\/fr\/wp-json\/wp\/v2\/pages\/120\/revisions"}],"up":[{"embeddable":true,"href":"https:\/\/www.hotelpalumbalzaportorotondo.it\/fr\/wp-json\/wp\/v2\/pages\/103"}],"wp:attachment":[{"href":"https:\/\/www.hotelpalumbalzaportorotondo.it\/fr\/wp-json\/wp\/v2\/media?parent=120"}],"curies":[{"name":"wp","href":"https:\/\/api.w.org\/{rel}","templated":true}]}}