{"id":314,"date":"2021-04-18T15:24:23","date_gmt":"2021-04-18T15:24:23","guid":{"rendered":"http:\/\/hotel-palumbalza.ms.decms.eu\/?page_id=314"},"modified":"2021-04-20T08:34:08","modified_gmt":"2021-04-20T08:34:08","slug":"spa","status":"publish","type":"page","link":"https:\/\/www.hotelpalumbalzaportorotondo.it\/de\/services\/spa\/","title":{"rendered":"Spa"},"content":{"rendered":"<p>Das kleine <strong>Wellness Center<\/strong> des Hotel Palumbalza verf\u00fcgt \u00fcber eine <strong>massagensuite<\/strong> in einem essenziellen und raffinierten raum, wo man sich etwas zeit nehmen kann zum eigenen wohlbefinden.<br \/>\nDie vorgeschlagenen behandlungen k\u00f6nnen spezifisch f\u00fcr einige k\u00f6rperteile oder extensiv sein, k\u00f6nnen ein wahrhaftiges <strong>programm<\/strong> oder einzelne kleine pausen von genuss und relax im laufe ihrer ferien darstellen.<\/p>\n","protected":false},"excerpt":{"rendered":"<p>Das kleine Wellness Center des Hotel Palumbalza verf\u00fcgt \u00fcber eine massagensuite in einem essenziellen und raffinierten raum, wo man sich etwas zeit nehmen kann zum eigenen wohlbefinden. Die vorgeschlagenen behandlungen k\u00f6nnen spezifisch f\u00fcr einige k\u00f6rperteile oder extensiv sein, k\u00f6nnen ein wahrhaftiges programm oder einzelne kleine pausen von genuss und relax im laufe ihrer ferien darstellen.<\/p>\n","protected":false},"author":36,"featured_media":0,"parent":232,"menu_order":10,"comment_status":"closed","ping_status":"closed","template":"template-single-service.php","meta":{"footnotes":""},"class_list":["post-314","page","type-page","status-publish","hentry"],"yoast_head":"<!-- This site is optimized with the Yoast SEO plugin v26.9 - https:\/\/yoast.com\/product\/yoast-seo-wordpress\/ -->\n<title>Spa - Hotel Palumbalza -<\/title>\n<meta name=\"description\" content=\"Das kleine Wellness Center des Hotel Palumbalza verf\u00fcgt \u00fcber eine massagensuite in einem essenziellen und raffinierten raum, wo man sich etwas zeit nehmen kann zum eigenen wohlbefinden. Die vorgeschlagenen behandlungen k\u00f6nnen spezifisch f\u00fcr einige k\u00f6rperteile oder extensiv sein, k\u00f6nnen ein wahrhaftiges programm oder einzelne kleine pausen von genuss und relax im laufe ihrer ferien darstellen..\" \/>\n<meta name=\"robots\" content=\"noindex, follow\" \/>\n<meta property=\"og:locale\" content=\"de_DE\" \/>\n<meta property=\"og:type\" content=\"article\" \/>\n<meta property=\"og:title\" content=\"Spa - Hotel Palumbalza -\" \/>\n<meta property=\"og:description\" content=\"Das kleine Wellness Center des Hotel Palumbalza verf\u00fcgt \u00fcber eine massagensuite in einem essenziellen und raffinierten raum, wo man sich etwas zeit nehmen kann zum eigenen wohlbefinden. Die vorgeschlagenen behandlungen k\u00f6nnen spezifisch f\u00fcr einige k\u00f6rperteile oder extensiv sein, k\u00f6nnen ein wahrhaftiges programm oder einzelne kleine pausen von genuss und relax im laufe ihrer ferien darstellen..\" \/>\n<meta property=\"og:url\" content=\"https:\/\/www.hotelpalumbalzaportorotondo.it\/de\/services\/spa\/\" \/>\n<meta property=\"og:site_name\" content=\"Hotel Palumbalza\" \/>\n<meta property=\"article:modified_time\" content=\"2021-04-20T08:34:08+00:00\" \/>\n<meta name=\"twitter:card\" content=\"summary_large_image\" \/>\n<script type=\"application\/ld+json\" class=\"yoast-schema-graph\">{\"@context\":\"https:\/\/schema.org\",\"@graph\":[{\"@type\":\"WebPage\",\"@id\":\"https:\/\/www.hotelpalumbalzaportorotondo.it\/de\/services\/spa\/\",\"url\":\"https:\/\/www.hotelpalumbalzaportorotondo.it\/de\/services\/spa\/\",\"name\":\"Spa - Hotel Palumbalza -\",\"isPartOf\":{\"@id\":\"https:\/\/www.hotelpalumbalzaportorotondo.it\/de\/#website\"},\"datePublished\":\"2021-04-18T15:24:23+00:00\",\"dateModified\":\"2021-04-20T08:34:08+00:00\",\"description\":\"Das kleine Wellness Center des Hotel Palumbalza verf\u00fcgt \u00fcber eine massagensuite in einem essenziellen und raffinierten raum, wo man sich etwas zeit nehmen kann zum eigenen wohlbefinden. Die vorgeschlagenen behandlungen k\u00f6nnen spezifisch f\u00fcr einige k\u00f6rperteile oder extensiv sein, k\u00f6nnen ein wahrhaftiges programm oder einzelne kleine pausen von genuss und relax im laufe ihrer ferien darstellen..\",\"breadcrumb\":{\"@id\":\"https:\/\/www.hotelpalumbalzaportorotondo.it\/de\/services\/spa\/#breadcrumb\"},\"inLanguage\":\"de-DE\",\"potentialAction\":[{\"@type\":\"ReadAction\",\"target\":[\"https:\/\/www.hotelpalumbalzaportorotondo.it\/de\/services\/spa\/\"]}]},{\"@type\":\"BreadcrumbList\",\"@id\":\"https:\/\/www.hotelpalumbalzaportorotondo.it\/de\/services\/spa\/#breadcrumb\",\"itemListElement\":[{\"@type\":\"ListItem\",\"position\":1,\"name\":\"Home\",\"item\":\"https:\/\/www.hotelpalumbalzaportorotondo.it\/de\/\"},{\"@type\":\"ListItem\",\"position\":2,\"name\":\"Services\",\"item\":\"https:\/\/www.hotelpalumbalzaportorotondo.it\/de\/services\/\"},{\"@type\":\"ListItem\",\"position\":3,\"name\":\"Spa\"}]},{\"@type\":\"WebSite\",\"@id\":\"https:\/\/www.hotelpalumbalzaportorotondo.it\/de\/#website\",\"url\":\"https:\/\/www.hotelpalumbalzaportorotondo.it\/de\/\",\"name\":\"Hotel Palumbalza\",\"description\":\"Just another ms.decms.eu site\",\"potentialAction\":[{\"@type\":\"SearchAction\",\"target\":{\"@type\":\"EntryPoint\",\"urlTemplate\":\"https:\/\/www.hotelpalumbalzaportorotondo.it\/de\/?s={search_term_string}\"},\"query-input\":{\"@type\":\"PropertyValueSpecification\",\"valueRequired\":true,\"valueName\":\"search_term_string\"}}],\"inLanguage\":\"de-DE\"}]}<\/script>\n<!-- \/ Yoast SEO plugin. -->","yoast_head_json":{"title":"Spa - Hotel Palumbalza -","description":"Das kleine Wellness Center des Hotel Palumbalza verf\u00fcgt \u00fcber eine massagensuite in einem essenziellen und raffinierten raum, wo man sich etwas zeit nehmen kann zum eigenen wohlbefinden. Die vorgeschlagenen behandlungen k\u00f6nnen spezifisch f\u00fcr einige k\u00f6rperteile oder extensiv sein, k\u00f6nnen ein wahrhaftiges programm oder einzelne kleine pausen von genuss und relax im laufe ihrer ferien darstellen..","robots":{"index":"noindex","follow":"follow"},"og_locale":"de_DE","og_type":"article","og_title":"Spa - Hotel Palumbalza -","og_description":"Das kleine Wellness Center des Hotel Palumbalza verf\u00fcgt \u00fcber eine massagensuite in einem essenziellen und raffinierten raum, wo man sich etwas zeit nehmen kann zum eigenen wohlbefinden. Die vorgeschlagenen behandlungen k\u00f6nnen spezifisch f\u00fcr einige k\u00f6rperteile oder extensiv sein, k\u00f6nnen ein wahrhaftiges programm oder einzelne kleine pausen von genuss und relax im laufe ihrer ferien darstellen..","og_url":"https:\/\/www.hotelpalumbalzaportorotondo.it\/de\/services\/spa\/","og_site_name":"Hotel Palumbalza","article_modified_time":"2021-04-20T08:34:08+00:00","twitter_card":"summary_large_image","schema":{"@context":"https:\/\/schema.org","@graph":[{"@type":"WebPage","@id":"https:\/\/www.hotelpalumbalzaportorotondo.it\/de\/services\/spa\/","url":"https:\/\/www.hotelpalumbalzaportorotondo.it\/de\/services\/spa\/","name":"Spa - Hotel Palumbalza -","isPartOf":{"@id":"https:\/\/www.hotelpalumbalzaportorotondo.it\/de\/#website"},"datePublished":"2021-04-18T15:24:23+00:00","dateModified":"2021-04-20T08:34:08+00:00","description":"Das kleine Wellness Center des Hotel Palumbalza verf\u00fcgt \u00fcber eine massagensuite in einem essenziellen und raffinierten raum, wo man sich etwas zeit nehmen kann zum eigenen wohlbefinden. Die vorgeschlagenen behandlungen k\u00f6nnen spezifisch f\u00fcr einige k\u00f6rperteile oder extensiv sein, k\u00f6nnen ein wahrhaftiges programm oder einzelne kleine pausen von genuss und relax im laufe ihrer ferien darstellen..","breadcrumb":{"@id":"https:\/\/www.hotelpalumbalzaportorotondo.it\/de\/services\/spa\/#breadcrumb"},"inLanguage":"de-DE","potentialAction":[{"@type":"ReadAction","target":["https:\/\/www.hotelpalumbalzaportorotondo.it\/de\/services\/spa\/"]}]},{"@type":"BreadcrumbList","@id":"https:\/\/www.hotelpalumbalzaportorotondo.it\/de\/services\/spa\/#breadcrumb","itemListElement":[{"@type":"ListItem","position":1,"name":"Home","item":"https:\/\/www.hotelpalumbalzaportorotondo.it\/de\/"},{"@type":"ListItem","position":2,"name":"Services","item":"https:\/\/www.hotelpalumbalzaportorotondo.it\/de\/services\/"},{"@type":"ListItem","position":3,"name":"Spa"}]},{"@type":"WebSite","@id":"https:\/\/www.hotelpalumbalzaportorotondo.it\/de\/#website","url":"https:\/\/www.hotelpalumbalzaportorotondo.it\/de\/","name":"Hotel Palumbalza","description":"Just another ms.decms.eu site","potentialAction":[{"@type":"SearchAction","target":{"@type":"EntryPoint","urlTemplate":"https:\/\/www.hotelpalumbalzaportorotondo.it\/de\/?s={search_term_string}"},"query-input":{"@type":"PropertyValueSpecification","valueRequired":true,"valueName":"search_term_string"}}],"inLanguage":"de-DE"}]}},"acf":[],"_links":{"self":[{"href":"https:\/\/www.hotelpalumbalzaportorotondo.it\/de\/wp-json\/wp\/v2\/pages\/314","targetHints":{"allow":["GET"]}}],"collection":[{"href":"https:\/\/www.hotelpalumbalzaportorotondo.it\/de\/wp-json\/wp\/v2\/pages"}],"about":[{"href":"https:\/\/www.hotelpalumbalzaportorotondo.it\/de\/wp-json\/wp\/v2\/types\/page"}],"author":[{"embeddable":true,"href":"https:\/\/www.hotelpalumbalzaportorotondo.it\/de\/wp-json\/wp\/v2\/users\/36"}],"replies":[{"embeddable":true,"href":"https:\/\/www.hotelpalumbalzaportorotondo.it\/de\/wp-json\/wp\/v2\/comments?post=314"}],"version-history":[{"count":0,"href":"https:\/\/www.hotelpalumbalzaportorotondo.it\/de\/wp-json\/wp\/v2\/pages\/314\/revisions"}],"up":[{"embeddable":true,"href":"https:\/\/www.hotelpalumbalzaportorotondo.it\/de\/wp-json\/wp\/v2\/pages\/232"}],"wp:attachment":[{"href":"https:\/\/www.hotelpalumbalzaportorotondo.it\/de\/wp-json\/wp\/v2\/media?parent=314"}],"curies":[{"name":"wp","href":"https:\/\/api.w.org\/{rel}","templated":true}]}}