{"id":211,"date":"2021-04-16T14:23:58","date_gmt":"2021-04-16T14:23:58","guid":{"rendered":"http:\/\/hotel-palumbalza.ms.decms.eu\/?page_id=211"},"modified":"2023-08-15T11:03:15","modified_gmt":"2023-08-15T11:03:15","slug":"junior-suite-family","status":"publish","type":"page","link":"https:\/\/www.hotelpalumbalzaportorotondo.it\/de\/zimmer\/junior-suite-family\/","title":{"rendered":"Junior Suite Family"},"content":{"rendered":"<p style=\"text-align: center\">Das ist die l\u00f6sung f\u00fcr leute, die das beste aus ihren ferien machen wollen. Mi<strong> allem komfort<\/strong> versehen, bietet die<strong> Junior Suite Family<\/strong> einen kleinen von der <strong>schlafzone getrennten salon<\/strong>, weite fenster mit atemberaubendem <strong>blick aufs meer<\/strong>, weitl\u00e4ufige und funktionale innenr\u00e4ume. Das ideal f\u00fcr leute, die mit der familie reisen. Die mittelmeerstimmung wird verherrlicht durch die <strong>raffinierten stilgerechten<\/strong> einrichtungen.<\/p>\n<p style=\"text-align: center\">Privatstrand<br \/>\nKleintiere Willkommen<br \/>\nSicht aufs meer<br \/>\nSchlafsofa oder Einzelbett<\/p>\n<p style=\"text-align: center\"><strong>Aufnahmef\u00e4higkeit maximum 3 Menschen \/ 30 m\u00b2<\/strong><\/p>\n","protected":false},"excerpt":{"rendered":"<p>Das ist die l\u00f6sung f\u00fcr leute, die das beste aus ihren ferien machen wollen. Mi allem komfort versehen, bietet die Junior Suite Family einen kleinen von der schlafzone getrennten salon, weite fenster mit atemberaubendem blick aufs meer, weitl\u00e4ufige und funktionale innenr\u00e4ume. Das ideal f\u00fcr leute, die mit der familie reisen. Die mittelmeerstimmung wird verherrlicht durch [&hellip;]<\/p>\n","protected":false},"author":36,"featured_media":0,"parent":104,"menu_order":40,"comment_status":"closed","ping_status":"closed","template":"template-single-room.php","meta":{"footnotes":""},"class_list":["post-211","page","type-page","status-publish","hentry"],"yoast_head":"<!-- This site is optimized with the Yoast SEO plugin v26.9 - https:\/\/yoast.com\/product\/yoast-seo-wordpress\/ -->\n<title>Junior Suite Family - Hotel Palumbalza -<\/title>\n<meta name=\"description\" content=\"Das ist die l\u00f6sung f\u00fcr leute, die das beste aus ihren ferien machen wollen. Mi allem komfort versehen, bietet die Junior Suite Family einen kleinen von der schlafzone getrennten salon, weite fenster mit atemberaubendem blick aufs meer, weitl\u00e4ufige und funktionale innenr\u00e4ume\" \/>\n<meta name=\"robots\" content=\"noindex, follow\" \/>\n<meta property=\"og:locale\" content=\"de_DE\" \/>\n<meta property=\"og:type\" content=\"article\" \/>\n<meta property=\"og:title\" content=\"Junior Suite Family - Hotel Palumbalza -\" \/>\n<meta property=\"og:description\" content=\"Das ist die l\u00f6sung f\u00fcr leute, die das beste aus ihren ferien machen wollen. Mi allem komfort versehen, bietet die Junior Suite Family einen kleinen von der schlafzone getrennten salon, weite fenster mit atemberaubendem blick aufs meer, weitl\u00e4ufige und funktionale innenr\u00e4ume\" \/>\n<meta property=\"og:url\" content=\"https:\/\/www.hotelpalumbalzaportorotondo.it\/de\/zimmer\/junior-suite-family\/\" \/>\n<meta property=\"og:site_name\" content=\"Hotel Palumbalza\" \/>\n<meta property=\"article:modified_time\" content=\"2023-08-15T11:03:15+00:00\" \/>\n<meta name=\"twitter:card\" content=\"summary_large_image\" \/>\n<meta name=\"twitter:label1\" content=\"Gesch\u00e4tzte Lesezeit\" \/>\n\t<meta name=\"twitter:data1\" content=\"1 Minute\" \/>\n<script type=\"application\/ld+json\" class=\"yoast-schema-graph\">{\"@context\":\"https:\/\/schema.org\",\"@graph\":[{\"@type\":\"WebPage\",\"@id\":\"https:\/\/www.hotelpalumbalzaportorotondo.it\/de\/zimmer\/junior-suite-family\/\",\"url\":\"https:\/\/www.hotelpalumbalzaportorotondo.it\/de\/zimmer\/junior-suite-family\/\",\"name\":\"Junior Suite Family - Hotel Palumbalza -\",\"isPartOf\":{\"@id\":\"https:\/\/www.hotelpalumbalzaportorotondo.it\/de\/#website\"},\"datePublished\":\"2021-04-16T14:23:58+00:00\",\"dateModified\":\"2023-08-15T11:03:15+00:00\",\"description\":\"Das ist die l\u00f6sung f\u00fcr leute, die das beste aus ihren ferien machen wollen. Mi allem komfort versehen, bietet die Junior Suite Family einen kleinen von der schlafzone getrennten salon, weite fenster mit atemberaubendem blick aufs meer, weitl\u00e4ufige und funktionale innenr\u00e4ume\",\"breadcrumb\":{\"@id\":\"https:\/\/www.hotelpalumbalzaportorotondo.it\/de\/zimmer\/junior-suite-family\/#breadcrumb\"},\"inLanguage\":\"de-DE\",\"potentialAction\":[{\"@type\":\"ReadAction\",\"target\":[\"https:\/\/www.hotelpalumbalzaportorotondo.it\/de\/zimmer\/junior-suite-family\/\"]}]},{\"@type\":\"BreadcrumbList\",\"@id\":\"https:\/\/www.hotelpalumbalzaportorotondo.it\/de\/zimmer\/junior-suite-family\/#breadcrumb\",\"itemListElement\":[{\"@type\":\"ListItem\",\"position\":1,\"name\":\"Home\",\"item\":\"https:\/\/www.hotelpalumbalzaportorotondo.it\/de\/\"},{\"@type\":\"ListItem\",\"position\":2,\"name\":\"Zimmer\",\"item\":\"https:\/\/www.hotelpalumbalzaportorotondo.it\/de\/zimmer\/\"},{\"@type\":\"ListItem\",\"position\":3,\"name\":\"Junior Suite Family\"}]},{\"@type\":\"WebSite\",\"@id\":\"https:\/\/www.hotelpalumbalzaportorotondo.it\/de\/#website\",\"url\":\"https:\/\/www.hotelpalumbalzaportorotondo.it\/de\/\",\"name\":\"Hotel Palumbalza\",\"description\":\"Just another ms.decms.eu site\",\"potentialAction\":[{\"@type\":\"SearchAction\",\"target\":{\"@type\":\"EntryPoint\",\"urlTemplate\":\"https:\/\/www.hotelpalumbalzaportorotondo.it\/de\/?s={search_term_string}\"},\"query-input\":{\"@type\":\"PropertyValueSpecification\",\"valueRequired\":true,\"valueName\":\"search_term_string\"}}],\"inLanguage\":\"de-DE\"}]}<\/script>\n<!-- \/ Yoast SEO plugin. -->","yoast_head_json":{"title":"Junior Suite Family - Hotel Palumbalza -","description":"Das ist die l\u00f6sung f\u00fcr leute, die das beste aus ihren ferien machen wollen. Mi allem komfort versehen, bietet die Junior Suite Family einen kleinen von der schlafzone getrennten salon, weite fenster mit atemberaubendem blick aufs meer, weitl\u00e4ufige und funktionale innenr\u00e4ume","robots":{"index":"noindex","follow":"follow"},"og_locale":"de_DE","og_type":"article","og_title":"Junior Suite Family - Hotel Palumbalza -","og_description":"Das ist die l\u00f6sung f\u00fcr leute, die das beste aus ihren ferien machen wollen. Mi allem komfort versehen, bietet die Junior Suite Family einen kleinen von der schlafzone getrennten salon, weite fenster mit atemberaubendem blick aufs meer, weitl\u00e4ufige und funktionale innenr\u00e4ume","og_url":"https:\/\/www.hotelpalumbalzaportorotondo.it\/de\/zimmer\/junior-suite-family\/","og_site_name":"Hotel Palumbalza","article_modified_time":"2023-08-15T11:03:15+00:00","twitter_card":"summary_large_image","twitter_misc":{"Gesch\u00e4tzte Lesezeit":"1 Minute"},"schema":{"@context":"https:\/\/schema.org","@graph":[{"@type":"WebPage","@id":"https:\/\/www.hotelpalumbalzaportorotondo.it\/de\/zimmer\/junior-suite-family\/","url":"https:\/\/www.hotelpalumbalzaportorotondo.it\/de\/zimmer\/junior-suite-family\/","name":"Junior Suite Family - Hotel Palumbalza -","isPartOf":{"@id":"https:\/\/www.hotelpalumbalzaportorotondo.it\/de\/#website"},"datePublished":"2021-04-16T14:23:58+00:00","dateModified":"2023-08-15T11:03:15+00:00","description":"Das ist die l\u00f6sung f\u00fcr leute, die das beste aus ihren ferien machen wollen. Mi allem komfort versehen, bietet die Junior Suite Family einen kleinen von der schlafzone getrennten salon, weite fenster mit atemberaubendem blick aufs meer, weitl\u00e4ufige und funktionale innenr\u00e4ume","breadcrumb":{"@id":"https:\/\/www.hotelpalumbalzaportorotondo.it\/de\/zimmer\/junior-suite-family\/#breadcrumb"},"inLanguage":"de-DE","potentialAction":[{"@type":"ReadAction","target":["https:\/\/www.hotelpalumbalzaportorotondo.it\/de\/zimmer\/junior-suite-family\/"]}]},{"@type":"BreadcrumbList","@id":"https:\/\/www.hotelpalumbalzaportorotondo.it\/de\/zimmer\/junior-suite-family\/#breadcrumb","itemListElement":[{"@type":"ListItem","position":1,"name":"Home","item":"https:\/\/www.hotelpalumbalzaportorotondo.it\/de\/"},{"@type":"ListItem","position":2,"name":"Zimmer","item":"https:\/\/www.hotelpalumbalzaportorotondo.it\/de\/zimmer\/"},{"@type":"ListItem","position":3,"name":"Junior Suite Family"}]},{"@type":"WebSite","@id":"https:\/\/www.hotelpalumbalzaportorotondo.it\/de\/#website","url":"https:\/\/www.hotelpalumbalzaportorotondo.it\/de\/","name":"Hotel Palumbalza","description":"Just another ms.decms.eu site","potentialAction":[{"@type":"SearchAction","target":{"@type":"EntryPoint","urlTemplate":"https:\/\/www.hotelpalumbalzaportorotondo.it\/de\/?s={search_term_string}"},"query-input":{"@type":"PropertyValueSpecification","valueRequired":true,"valueName":"search_term_string"}}],"inLanguage":"de-DE"}]}},"acf":[],"_links":{"self":[{"href":"https:\/\/www.hotelpalumbalzaportorotondo.it\/de\/wp-json\/wp\/v2\/pages\/211","targetHints":{"allow":["GET"]}}],"collection":[{"href":"https:\/\/www.hotelpalumbalzaportorotondo.it\/de\/wp-json\/wp\/v2\/pages"}],"about":[{"href":"https:\/\/www.hotelpalumbalzaportorotondo.it\/de\/wp-json\/wp\/v2\/types\/page"}],"author":[{"embeddable":true,"href":"https:\/\/www.hotelpalumbalzaportorotondo.it\/de\/wp-json\/wp\/v2\/users\/36"}],"replies":[{"embeddable":true,"href":"https:\/\/www.hotelpalumbalzaportorotondo.it\/de\/wp-json\/wp\/v2\/comments?post=211"}],"version-history":[{"count":0,"href":"https:\/\/www.hotelpalumbalzaportorotondo.it\/de\/wp-json\/wp\/v2\/pages\/211\/revisions"}],"up":[{"embeddable":true,"href":"https:\/\/www.hotelpalumbalzaportorotondo.it\/de\/wp-json\/wp\/v2\/pages\/104"}],"wp:attachment":[{"href":"https:\/\/www.hotelpalumbalzaportorotondo.it\/de\/wp-json\/wp\/v2\/media?parent=211"}],"curies":[{"name":"wp","href":"https:\/\/api.w.org\/{rel}","templated":true}]}}