{"id":200,"date":"2021-04-16T13:31:29","date_gmt":"2021-04-16T13:31:29","guid":{"rendered":"http:\/\/hotel-palumbalza.ms.decms.eu\/?page_id=200"},"modified":"2023-08-15T11:02:40","modified_gmt":"2023-08-15T11:02:40","slug":"junior-suite-triple","status":"publish","type":"page","link":"https:\/\/www.hotelpalumbalzaportorotondo.it\/de\/zimmer\/junior-suite-triple\/","title":{"rendered":"Junior Suite Triple"},"content":{"rendered":"<p style=\"text-align: center\">Mit jeglichem <strong>komfort<\/strong> versehen, ist die Junior Suite mit schlafsofa die gelungene ubersetzung unseres sinnes f\u00fcr gastfreundlichkeit. Weite r\u00e4ume, mit <strong>kleinem salon<\/strong> und gro\u00dfz\u00fcgig ausgemessener \u00a0schlafzone, bequemem schlafsofa, weiten fenstern mit blick auf das wundersch\u00f6ne meer, innenr\u00e4ume im <strong>raffinierten stil<\/strong>, <strong>volle privacy<\/strong>.<\/p>\n<p style=\"text-align: center\">Privatstrand<br \/>\nKleintiere Willkommen<br \/>\nSicht aufs meer<br \/>\nSchlafsofa oder Einzelbett<\/p>\n<p style=\"text-align: center\"><strong>Aufnahmef\u00e4higkeit maximum 3 Menschen \/ 23 m\u00b2<\/strong><\/p>\n","protected":false},"excerpt":{"rendered":"<p>Mit jeglichem komfort versehen, ist die Junior Suite mit schlafsofa die gelungene ubersetzung unseres sinnes f\u00fcr gastfreundlichkeit. Weite r\u00e4ume, mit kleinem salon und gro\u00dfz\u00fcgig ausgemessener \u00a0schlafzone, bequemem schlafsofa, weiten fenstern mit blick auf das wundersch\u00f6ne meer, innenr\u00e4ume im raffinierten stil, volle privacy. Privatstrand Kleintiere Willkommen Sicht aufs meer Schlafsofa oder Einzelbett Aufnahmef\u00e4higkeit maximum 3 Menschen [&hellip;]<\/p>\n","protected":false},"author":36,"featured_media":0,"parent":104,"menu_order":35,"comment_status":"closed","ping_status":"closed","template":"template-single-room.php","meta":{"footnotes":""},"class_list":["post-200","page","type-page","status-publish","hentry"],"yoast_head":"<!-- This site is optimized with the Yoast SEO plugin v26.9 - https:\/\/yoast.com\/product\/yoast-seo-wordpress\/ -->\n<title>Junior Suite Triple - Hotel Palumbalza -<\/title>\n<meta name=\"description\" content=\"Mit jeglichem komfort versehen, ist die Junior Suite mit schlafsofa die gelungene ubersetzung unseres sinnes f\u00fcr gastfreundlichkeit. Weite r\u00e4ume, mit kleinem salon und gro\u00dfz\u00fcgig ausgemessener \u00a0schlafzone, bequemem schlafsofa, weiten fenstern mit blick auf das wundersch\u00f6ne meer, innenr\u00e4ume im raffinierten stil, volle privacy. Privatstrand Kleintiere Willkommen Sicht aufs meer Schlafsofa oder Einzelbett Aufnahmef\u00e4higkeit maximum 3 Menschen \/ 23 m\u00b2\" \/>\n<meta name=\"robots\" content=\"noindex, follow\" \/>\n<meta property=\"og:locale\" content=\"de_DE\" \/>\n<meta property=\"og:type\" content=\"article\" \/>\n<meta property=\"og:title\" content=\"Junior Suite Triple - Hotel Palumbalza -\" \/>\n<meta property=\"og:description\" content=\"Mit jeglichem komfort versehen, ist die Junior Suite mit schlafsofa die gelungene ubersetzung unseres sinnes f\u00fcr gastfreundlichkeit. Weite r\u00e4ume, mit kleinem salon und gro\u00dfz\u00fcgig ausgemessener \u00a0schlafzone, bequemem schlafsofa, weiten fenstern mit blick auf das wundersch\u00f6ne meer, innenr\u00e4ume im raffinierten stil, volle privacy. Privatstrand Kleintiere Willkommen Sicht aufs meer Schlafsofa oder Einzelbett Aufnahmef\u00e4higkeit maximum 3 Menschen \/ 23 m\u00b2\" \/>\n<meta property=\"og:url\" content=\"https:\/\/www.hotelpalumbalzaportorotondo.it\/de\/zimmer\/junior-suite-triple\/\" \/>\n<meta property=\"og:site_name\" content=\"Hotel Palumbalza\" \/>\n<meta property=\"article:modified_time\" content=\"2023-08-15T11:02:40+00:00\" \/>\n<meta name=\"twitter:card\" content=\"summary_large_image\" \/>\n<meta name=\"twitter:label1\" content=\"Gesch\u00e4tzte Lesezeit\" \/>\n\t<meta name=\"twitter:data1\" content=\"1 Minute\" \/>\n<script type=\"application\/ld+json\" class=\"yoast-schema-graph\">{\"@context\":\"https:\/\/schema.org\",\"@graph\":[{\"@type\":\"WebPage\",\"@id\":\"https:\/\/www.hotelpalumbalzaportorotondo.it\/de\/zimmer\/junior-suite-triple\/\",\"url\":\"https:\/\/www.hotelpalumbalzaportorotondo.it\/de\/zimmer\/junior-suite-triple\/\",\"name\":\"Junior Suite Triple - Hotel Palumbalza -\",\"isPartOf\":{\"@id\":\"https:\/\/www.hotelpalumbalzaportorotondo.it\/de\/#website\"},\"datePublished\":\"2021-04-16T13:31:29+00:00\",\"dateModified\":\"2023-08-15T11:02:40+00:00\",\"description\":\"Mit jeglichem komfort versehen, ist die Junior Suite mit schlafsofa die gelungene ubersetzung unseres sinnes f\u00fcr gastfreundlichkeit. Weite r\u00e4ume, mit kleinem salon und gro\u00dfz\u00fcgig ausgemessener \u00a0schlafzone, bequemem schlafsofa, weiten fenstern mit blick auf das wundersch\u00f6ne meer, innenr\u00e4ume im raffinierten stil, volle privacy. Privatstrand Kleintiere Willkommen Sicht aufs meer Schlafsofa oder Einzelbett Aufnahmef\u00e4higkeit maximum 3 Menschen \/ 23 m\u00b2\",\"breadcrumb\":{\"@id\":\"https:\/\/www.hotelpalumbalzaportorotondo.it\/de\/zimmer\/junior-suite-triple\/#breadcrumb\"},\"inLanguage\":\"de-DE\",\"potentialAction\":[{\"@type\":\"ReadAction\",\"target\":[\"https:\/\/www.hotelpalumbalzaportorotondo.it\/de\/zimmer\/junior-suite-triple\/\"]}]},{\"@type\":\"BreadcrumbList\",\"@id\":\"https:\/\/www.hotelpalumbalzaportorotondo.it\/de\/zimmer\/junior-suite-triple\/#breadcrumb\",\"itemListElement\":[{\"@type\":\"ListItem\",\"position\":1,\"name\":\"Home\",\"item\":\"https:\/\/www.hotelpalumbalzaportorotondo.it\/de\/\"},{\"@type\":\"ListItem\",\"position\":2,\"name\":\"Zimmer\",\"item\":\"https:\/\/www.hotelpalumbalzaportorotondo.it\/de\/zimmer\/\"},{\"@type\":\"ListItem\",\"position\":3,\"name\":\"Junior Suite Triple\"}]},{\"@type\":\"WebSite\",\"@id\":\"https:\/\/www.hotelpalumbalzaportorotondo.it\/de\/#website\",\"url\":\"https:\/\/www.hotelpalumbalzaportorotondo.it\/de\/\",\"name\":\"Hotel Palumbalza\",\"description\":\"Just another ms.decms.eu site\",\"potentialAction\":[{\"@type\":\"SearchAction\",\"target\":{\"@type\":\"EntryPoint\",\"urlTemplate\":\"https:\/\/www.hotelpalumbalzaportorotondo.it\/de\/?s={search_term_string}\"},\"query-input\":{\"@type\":\"PropertyValueSpecification\",\"valueRequired\":true,\"valueName\":\"search_term_string\"}}],\"inLanguage\":\"de-DE\"}]}<\/script>\n<!-- \/ Yoast SEO plugin. -->","yoast_head_json":{"title":"Junior Suite Triple - Hotel Palumbalza -","description":"Mit jeglichem komfort versehen, ist die Junior Suite mit schlafsofa die gelungene ubersetzung unseres sinnes f\u00fcr gastfreundlichkeit. Weite r\u00e4ume, mit kleinem salon und gro\u00dfz\u00fcgig ausgemessener \u00a0schlafzone, bequemem schlafsofa, weiten fenstern mit blick auf das wundersch\u00f6ne meer, innenr\u00e4ume im raffinierten stil, volle privacy. Privatstrand Kleintiere Willkommen Sicht aufs meer Schlafsofa oder Einzelbett Aufnahmef\u00e4higkeit maximum 3 Menschen \/ 23 m\u00b2","robots":{"index":"noindex","follow":"follow"},"og_locale":"de_DE","og_type":"article","og_title":"Junior Suite Triple - Hotel Palumbalza -","og_description":"Mit jeglichem komfort versehen, ist die Junior Suite mit schlafsofa die gelungene ubersetzung unseres sinnes f\u00fcr gastfreundlichkeit. Weite r\u00e4ume, mit kleinem salon und gro\u00dfz\u00fcgig ausgemessener \u00a0schlafzone, bequemem schlafsofa, weiten fenstern mit blick auf das wundersch\u00f6ne meer, innenr\u00e4ume im raffinierten stil, volle privacy. Privatstrand Kleintiere Willkommen Sicht aufs meer Schlafsofa oder Einzelbett Aufnahmef\u00e4higkeit maximum 3 Menschen \/ 23 m\u00b2","og_url":"https:\/\/www.hotelpalumbalzaportorotondo.it\/de\/zimmer\/junior-suite-triple\/","og_site_name":"Hotel Palumbalza","article_modified_time":"2023-08-15T11:02:40+00:00","twitter_card":"summary_large_image","twitter_misc":{"Gesch\u00e4tzte Lesezeit":"1 Minute"},"schema":{"@context":"https:\/\/schema.org","@graph":[{"@type":"WebPage","@id":"https:\/\/www.hotelpalumbalzaportorotondo.it\/de\/zimmer\/junior-suite-triple\/","url":"https:\/\/www.hotelpalumbalzaportorotondo.it\/de\/zimmer\/junior-suite-triple\/","name":"Junior Suite Triple - Hotel Palumbalza -","isPartOf":{"@id":"https:\/\/www.hotelpalumbalzaportorotondo.it\/de\/#website"},"datePublished":"2021-04-16T13:31:29+00:00","dateModified":"2023-08-15T11:02:40+00:00","description":"Mit jeglichem komfort versehen, ist die Junior Suite mit schlafsofa die gelungene ubersetzung unseres sinnes f\u00fcr gastfreundlichkeit. Weite r\u00e4ume, mit kleinem salon und gro\u00dfz\u00fcgig ausgemessener \u00a0schlafzone, bequemem schlafsofa, weiten fenstern mit blick auf das wundersch\u00f6ne meer, innenr\u00e4ume im raffinierten stil, volle privacy. Privatstrand Kleintiere Willkommen Sicht aufs meer Schlafsofa oder Einzelbett Aufnahmef\u00e4higkeit maximum 3 Menschen \/ 23 m\u00b2","breadcrumb":{"@id":"https:\/\/www.hotelpalumbalzaportorotondo.it\/de\/zimmer\/junior-suite-triple\/#breadcrumb"},"inLanguage":"de-DE","potentialAction":[{"@type":"ReadAction","target":["https:\/\/www.hotelpalumbalzaportorotondo.it\/de\/zimmer\/junior-suite-triple\/"]}]},{"@type":"BreadcrumbList","@id":"https:\/\/www.hotelpalumbalzaportorotondo.it\/de\/zimmer\/junior-suite-triple\/#breadcrumb","itemListElement":[{"@type":"ListItem","position":1,"name":"Home","item":"https:\/\/www.hotelpalumbalzaportorotondo.it\/de\/"},{"@type":"ListItem","position":2,"name":"Zimmer","item":"https:\/\/www.hotelpalumbalzaportorotondo.it\/de\/zimmer\/"},{"@type":"ListItem","position":3,"name":"Junior Suite Triple"}]},{"@type":"WebSite","@id":"https:\/\/www.hotelpalumbalzaportorotondo.it\/de\/#website","url":"https:\/\/www.hotelpalumbalzaportorotondo.it\/de\/","name":"Hotel Palumbalza","description":"Just another ms.decms.eu site","potentialAction":[{"@type":"SearchAction","target":{"@type":"EntryPoint","urlTemplate":"https:\/\/www.hotelpalumbalzaportorotondo.it\/de\/?s={search_term_string}"},"query-input":{"@type":"PropertyValueSpecification","valueRequired":true,"valueName":"search_term_string"}}],"inLanguage":"de-DE"}]}},"acf":[],"_links":{"self":[{"href":"https:\/\/www.hotelpalumbalzaportorotondo.it\/de\/wp-json\/wp\/v2\/pages\/200","targetHints":{"allow":["GET"]}}],"collection":[{"href":"https:\/\/www.hotelpalumbalzaportorotondo.it\/de\/wp-json\/wp\/v2\/pages"}],"about":[{"href":"https:\/\/www.hotelpalumbalzaportorotondo.it\/de\/wp-json\/wp\/v2\/types\/page"}],"author":[{"embeddable":true,"href":"https:\/\/www.hotelpalumbalzaportorotondo.it\/de\/wp-json\/wp\/v2\/users\/36"}],"replies":[{"embeddable":true,"href":"https:\/\/www.hotelpalumbalzaportorotondo.it\/de\/wp-json\/wp\/v2\/comments?post=200"}],"version-history":[{"count":0,"href":"https:\/\/www.hotelpalumbalzaportorotondo.it\/de\/wp-json\/wp\/v2\/pages\/200\/revisions"}],"up":[{"embeddable":true,"href":"https:\/\/www.hotelpalumbalzaportorotondo.it\/de\/wp-json\/wp\/v2\/pages\/104"}],"wp:attachment":[{"href":"https:\/\/www.hotelpalumbalzaportorotondo.it\/de\/wp-json\/wp\/v2\/media?parent=200"}],"curies":[{"name":"wp","href":"https:\/\/api.w.org\/{rel}","templated":true}]}}