{"id":183,"date":"2021-04-16T09:32:47","date_gmt":"2021-04-16T09:32:47","guid":{"rendered":"http:\/\/hotel-palumbalza.ms.decms.eu\/?page_id=183"},"modified":"2023-08-15T10:54:49","modified_gmt":"2023-08-15T10:54:49","slug":"classic-triple","status":"publish","type":"page","link":"https:\/\/www.hotelpalumbalzaportorotondo.it\/de\/zimmer\/classic-triple\/","title":{"rendered":"Classic Triple"},"content":{"rendered":"<p style=\"text-align: center\">Die gro\u00dfen fenster schauen auf ein st\u00fcck <strong>natur<\/strong> von seltener sch\u00f6nheit: <strong>g\u00e4rten<\/strong> und <strong>bl\u00fchende innenh\u00f6fe<\/strong>, die \u00fcppige vegetation der <strong>mittelmeerpinienw\u00e4lder<\/strong>. Und zum schluss, weite und funktionale r\u00e4ume, <strong>kompletter komfort<\/strong>, einrichtungen im typischen stil.<\/p>\n<p style=\"text-align: center\">Schlafsofa oder Einzelbett<br \/>\nPrivatstrand<br \/>\nKleintiere Willkommen<\/p>\n<p style=\"text-align: center\"><strong>Aufnahmef\u00e4higkeit maximum 3 Menschen \/ 21 m\u00b2<\/strong><\/p>\n","protected":false},"excerpt":{"rendered":"<p>Die gro\u00dfen fenster schauen auf ein st\u00fcck natur von seltener sch\u00f6nheit: g\u00e4rten und bl\u00fchende innenh\u00f6fe, die \u00fcppige vegetation der mittelmeerpinienw\u00e4lder. Und zum schluss, weite und funktionale r\u00e4ume, kompletter komfort, einrichtungen im typischen stil. Schlafsofa oder Einzelbett Privatstrand Kleintiere Willkommen Aufnahmef\u00e4higkeit maximum 3 Menschen \/ 21 m\u00b2<\/p>\n","protected":false},"author":36,"featured_media":0,"parent":104,"menu_order":20,"comment_status":"closed","ping_status":"closed","template":"template-single-room.php","meta":{"footnotes":""},"class_list":["post-183","page","type-page","status-publish","hentry"],"yoast_head":"<!-- This site is optimized with the Yoast SEO plugin v26.9 - https:\/\/yoast.com\/product\/yoast-seo-wordpress\/ -->\n<title>Classic Triple - Hotel Palumbalza -<\/title>\n<meta name=\"description\" content=\"Die gro\u00dfen fenster schauen auf ein st\u00fcck natur von seltener sch\u00f6nheit: g\u00e4rten und bl\u00fchende innenh\u00f6fe, die \u00fcppige vegetation der mittelmeerpinienw\u00e4lder. Und zum schluss, weite und funktionale r\u00e4ume, kompletter komfort, einrichtungen im typischen stil. Schlafsofa oder Einzelbett Privatstrand Kleintiere Willkommen Aufnahmef\u00e4higkeit maximum 3 Menschen \/ 21 m\u00b2\" \/>\n<meta name=\"robots\" content=\"noindex, follow\" \/>\n<meta property=\"og:locale\" content=\"de_DE\" \/>\n<meta property=\"og:type\" content=\"article\" \/>\n<meta property=\"og:title\" content=\"Classic Triple - Hotel Palumbalza -\" \/>\n<meta property=\"og:description\" content=\"Die gro\u00dfen fenster schauen auf ein st\u00fcck natur von seltener sch\u00f6nheit: g\u00e4rten und bl\u00fchende innenh\u00f6fe, die \u00fcppige vegetation der mittelmeerpinienw\u00e4lder. Und zum schluss, weite und funktionale r\u00e4ume, kompletter komfort, einrichtungen im typischen stil. Schlafsofa oder Einzelbett Privatstrand Kleintiere Willkommen Aufnahmef\u00e4higkeit maximum 3 Menschen \/ 21 m\u00b2\" \/>\n<meta property=\"og:url\" content=\"https:\/\/www.hotelpalumbalzaportorotondo.it\/de\/zimmer\/classic-triple\/\" \/>\n<meta property=\"og:site_name\" content=\"Hotel Palumbalza\" \/>\n<meta property=\"article:modified_time\" content=\"2023-08-15T10:54:49+00:00\" \/>\n<meta name=\"twitter:card\" content=\"summary_large_image\" \/>\n<meta name=\"twitter:label1\" content=\"Gesch\u00e4tzte Lesezeit\" \/>\n\t<meta name=\"twitter:data1\" content=\"1 Minute\" \/>\n<script type=\"application\/ld+json\" class=\"yoast-schema-graph\">{\"@context\":\"https:\/\/schema.org\",\"@graph\":[{\"@type\":\"WebPage\",\"@id\":\"https:\/\/www.hotelpalumbalzaportorotondo.it\/de\/zimmer\/classic-triple\/\",\"url\":\"https:\/\/www.hotelpalumbalzaportorotondo.it\/de\/zimmer\/classic-triple\/\",\"name\":\"Classic Triple - Hotel Palumbalza -\",\"isPartOf\":{\"@id\":\"https:\/\/www.hotelpalumbalzaportorotondo.it\/de\/#website\"},\"datePublished\":\"2021-04-16T09:32:47+00:00\",\"dateModified\":\"2023-08-15T10:54:49+00:00\",\"description\":\"Die gro\u00dfen fenster schauen auf ein st\u00fcck natur von seltener sch\u00f6nheit: g\u00e4rten und bl\u00fchende innenh\u00f6fe, die \u00fcppige vegetation der mittelmeerpinienw\u00e4lder. Und zum schluss, weite und funktionale r\u00e4ume, kompletter komfort, einrichtungen im typischen stil. Schlafsofa oder Einzelbett Privatstrand Kleintiere Willkommen Aufnahmef\u00e4higkeit maximum 3 Menschen \/ 21 m\u00b2\",\"breadcrumb\":{\"@id\":\"https:\/\/www.hotelpalumbalzaportorotondo.it\/de\/zimmer\/classic-triple\/#breadcrumb\"},\"inLanguage\":\"de-DE\",\"potentialAction\":[{\"@type\":\"ReadAction\",\"target\":[\"https:\/\/www.hotelpalumbalzaportorotondo.it\/de\/zimmer\/classic-triple\/\"]}]},{\"@type\":\"BreadcrumbList\",\"@id\":\"https:\/\/www.hotelpalumbalzaportorotondo.it\/de\/zimmer\/classic-triple\/#breadcrumb\",\"itemListElement\":[{\"@type\":\"ListItem\",\"position\":1,\"name\":\"Home\",\"item\":\"https:\/\/www.hotelpalumbalzaportorotondo.it\/de\/\"},{\"@type\":\"ListItem\",\"position\":2,\"name\":\"Zimmer\",\"item\":\"https:\/\/www.hotelpalumbalzaportorotondo.it\/de\/zimmer\/\"},{\"@type\":\"ListItem\",\"position\":3,\"name\":\"Classic Triple\"}]},{\"@type\":\"WebSite\",\"@id\":\"https:\/\/www.hotelpalumbalzaportorotondo.it\/de\/#website\",\"url\":\"https:\/\/www.hotelpalumbalzaportorotondo.it\/de\/\",\"name\":\"Hotel Palumbalza\",\"description\":\"Just another ms.decms.eu site\",\"potentialAction\":[{\"@type\":\"SearchAction\",\"target\":{\"@type\":\"EntryPoint\",\"urlTemplate\":\"https:\/\/www.hotelpalumbalzaportorotondo.it\/de\/?s={search_term_string}\"},\"query-input\":{\"@type\":\"PropertyValueSpecification\",\"valueRequired\":true,\"valueName\":\"search_term_string\"}}],\"inLanguage\":\"de-DE\"}]}<\/script>\n<!-- \/ Yoast SEO plugin. -->","yoast_head_json":{"title":"Classic Triple - Hotel Palumbalza -","description":"Die gro\u00dfen fenster schauen auf ein st\u00fcck natur von seltener sch\u00f6nheit: g\u00e4rten und bl\u00fchende innenh\u00f6fe, die \u00fcppige vegetation der mittelmeerpinienw\u00e4lder. Und zum schluss, weite und funktionale r\u00e4ume, kompletter komfort, einrichtungen im typischen stil. Schlafsofa oder Einzelbett Privatstrand Kleintiere Willkommen Aufnahmef\u00e4higkeit maximum 3 Menschen \/ 21 m\u00b2","robots":{"index":"noindex","follow":"follow"},"og_locale":"de_DE","og_type":"article","og_title":"Classic Triple - Hotel Palumbalza -","og_description":"Die gro\u00dfen fenster schauen auf ein st\u00fcck natur von seltener sch\u00f6nheit: g\u00e4rten und bl\u00fchende innenh\u00f6fe, die \u00fcppige vegetation der mittelmeerpinienw\u00e4lder. Und zum schluss, weite und funktionale r\u00e4ume, kompletter komfort, einrichtungen im typischen stil. Schlafsofa oder Einzelbett Privatstrand Kleintiere Willkommen Aufnahmef\u00e4higkeit maximum 3 Menschen \/ 21 m\u00b2","og_url":"https:\/\/www.hotelpalumbalzaportorotondo.it\/de\/zimmer\/classic-triple\/","og_site_name":"Hotel Palumbalza","article_modified_time":"2023-08-15T10:54:49+00:00","twitter_card":"summary_large_image","twitter_misc":{"Gesch\u00e4tzte Lesezeit":"1 Minute"},"schema":{"@context":"https:\/\/schema.org","@graph":[{"@type":"WebPage","@id":"https:\/\/www.hotelpalumbalzaportorotondo.it\/de\/zimmer\/classic-triple\/","url":"https:\/\/www.hotelpalumbalzaportorotondo.it\/de\/zimmer\/classic-triple\/","name":"Classic Triple - Hotel Palumbalza -","isPartOf":{"@id":"https:\/\/www.hotelpalumbalzaportorotondo.it\/de\/#website"},"datePublished":"2021-04-16T09:32:47+00:00","dateModified":"2023-08-15T10:54:49+00:00","description":"Die gro\u00dfen fenster schauen auf ein st\u00fcck natur von seltener sch\u00f6nheit: g\u00e4rten und bl\u00fchende innenh\u00f6fe, die \u00fcppige vegetation der mittelmeerpinienw\u00e4lder. Und zum schluss, weite und funktionale r\u00e4ume, kompletter komfort, einrichtungen im typischen stil. Schlafsofa oder Einzelbett Privatstrand Kleintiere Willkommen Aufnahmef\u00e4higkeit maximum 3 Menschen \/ 21 m\u00b2","breadcrumb":{"@id":"https:\/\/www.hotelpalumbalzaportorotondo.it\/de\/zimmer\/classic-triple\/#breadcrumb"},"inLanguage":"de-DE","potentialAction":[{"@type":"ReadAction","target":["https:\/\/www.hotelpalumbalzaportorotondo.it\/de\/zimmer\/classic-triple\/"]}]},{"@type":"BreadcrumbList","@id":"https:\/\/www.hotelpalumbalzaportorotondo.it\/de\/zimmer\/classic-triple\/#breadcrumb","itemListElement":[{"@type":"ListItem","position":1,"name":"Home","item":"https:\/\/www.hotelpalumbalzaportorotondo.it\/de\/"},{"@type":"ListItem","position":2,"name":"Zimmer","item":"https:\/\/www.hotelpalumbalzaportorotondo.it\/de\/zimmer\/"},{"@type":"ListItem","position":3,"name":"Classic Triple"}]},{"@type":"WebSite","@id":"https:\/\/www.hotelpalumbalzaportorotondo.it\/de\/#website","url":"https:\/\/www.hotelpalumbalzaportorotondo.it\/de\/","name":"Hotel Palumbalza","description":"Just another ms.decms.eu site","potentialAction":[{"@type":"SearchAction","target":{"@type":"EntryPoint","urlTemplate":"https:\/\/www.hotelpalumbalzaportorotondo.it\/de\/?s={search_term_string}"},"query-input":{"@type":"PropertyValueSpecification","valueRequired":true,"valueName":"search_term_string"}}],"inLanguage":"de-DE"}]}},"acf":[],"_links":{"self":[{"href":"https:\/\/www.hotelpalumbalzaportorotondo.it\/de\/wp-json\/wp\/v2\/pages\/183","targetHints":{"allow":["GET"]}}],"collection":[{"href":"https:\/\/www.hotelpalumbalzaportorotondo.it\/de\/wp-json\/wp\/v2\/pages"}],"about":[{"href":"https:\/\/www.hotelpalumbalzaportorotondo.it\/de\/wp-json\/wp\/v2\/types\/page"}],"author":[{"embeddable":true,"href":"https:\/\/www.hotelpalumbalzaportorotondo.it\/de\/wp-json\/wp\/v2\/users\/36"}],"replies":[{"embeddable":true,"href":"https:\/\/www.hotelpalumbalzaportorotondo.it\/de\/wp-json\/wp\/v2\/comments?post=183"}],"version-history":[{"count":0,"href":"https:\/\/www.hotelpalumbalzaportorotondo.it\/de\/wp-json\/wp\/v2\/pages\/183\/revisions"}],"up":[{"embeddable":true,"href":"https:\/\/www.hotelpalumbalzaportorotondo.it\/de\/wp-json\/wp\/v2\/pages\/104"}],"wp:attachment":[{"href":"https:\/\/www.hotelpalumbalzaportorotondo.it\/de\/wp-json\/wp\/v2\/media?parent=183"}],"curies":[{"name":"wp","href":"https:\/\/api.w.org\/{rel}","templated":true}]}}