{"id":158,"date":"2021-04-15T13:44:00","date_gmt":"2021-04-15T13:44:00","guid":{"rendered":"http:\/\/hotel-palumbalza.ms.decms.eu\/?page_id=158"},"modified":"2023-08-15T10:49:23","modified_gmt":"2023-08-15T10:49:23","slug":"superior-double","status":"publish","type":"page","link":"https:\/\/www.hotelpalumbalzaportorotondo.it\/de\/zimmer\/superior-double\/","title":{"rendered":"Superior Double"},"content":{"rendered":"<p style=\"text-align: center\">Die herrliche sicht aufs <strong>meer<\/strong> der <strong>Costa Smeralda<\/strong> l\u00e4sst die g\u00e4ste des zimmers superior den ganzen zauber dieser mittelmeerinsel voll genie\u00dfen. Eine full immersion in <strong>sonne<\/strong>. <strong>Meer<\/strong>, <strong>stille<\/strong> und <strong>privacy<\/strong>, und dazu die gro\u00dfz\u00fcgigen ausma\u00dfe der im typischen stil der insel eingerichteten innenr\u00e4ume.<\/p>\n<p style=\"text-align: center\">Sicht aufs meer<br \/>\nPrivatstrand<br \/>\nKleintiere Willkommen<\/p>\n<p style=\"text-align: center\"><strong>Aufnahmef\u00e4higkeit maximum 2 Menschen \/ 21 m\u00b2<\/strong><\/p>\n","protected":false},"excerpt":{"rendered":"<p>Die herrliche sicht aufs meer der Costa Smeralda l\u00e4sst die g\u00e4ste des zimmers superior den ganzen zauber dieser mittelmeerinsel voll genie\u00dfen. Eine full immersion in sonne. Meer, stille und privacy, und dazu die gro\u00dfz\u00fcgigen ausma\u00dfe der im typischen stil der insel eingerichteten innenr\u00e4ume. Sicht aufs meer Privatstrand Kleintiere Willkommen Aufnahmef\u00e4higkeit maximum 2 Menschen \/ 21 [&hellip;]<\/p>\n","protected":false},"author":36,"featured_media":0,"parent":104,"menu_order":10,"comment_status":"closed","ping_status":"closed","template":"template-single-room.php","meta":{"footnotes":""},"class_list":["post-158","page","type-page","status-publish","hentry"],"yoast_head":"<!-- This site is optimized with the Yoast SEO plugin v26.9 - https:\/\/yoast.com\/product\/yoast-seo-wordpress\/ -->\n<title>Superior Double - Hotel Palumbalza -<\/title>\n<meta name=\"description\" content=\"Die herrliche sicht aufs meer der Costa Smeralda l\u00e4sst die g\u00e4ste des zimmers superior den ganzen zauber dieser mittelmeerinsel voll genie\u00dfen. Eine full immersion in sonne\" \/>\n<meta name=\"robots\" content=\"noindex, follow\" \/>\n<meta property=\"og:locale\" content=\"de_DE\" \/>\n<meta property=\"og:type\" content=\"article\" \/>\n<meta property=\"og:title\" content=\"Superior Double - Hotel Palumbalza -\" \/>\n<meta property=\"og:description\" content=\"Die herrliche sicht aufs meer der Costa Smeralda l\u00e4sst die g\u00e4ste des zimmers superior den ganzen zauber dieser mittelmeerinsel voll genie\u00dfen. Eine full immersion in sonne\" \/>\n<meta property=\"og:url\" content=\"https:\/\/www.hotelpalumbalzaportorotondo.it\/de\/zimmer\/superior-double\/\" \/>\n<meta property=\"og:site_name\" content=\"Hotel Palumbalza\" \/>\n<meta property=\"article:modified_time\" content=\"2023-08-15T10:49:23+00:00\" \/>\n<meta name=\"twitter:card\" content=\"summary_large_image\" \/>\n<meta name=\"twitter:label1\" content=\"Gesch\u00e4tzte Lesezeit\" \/>\n\t<meta name=\"twitter:data1\" content=\"1 Minute\" \/>\n<script type=\"application\/ld+json\" class=\"yoast-schema-graph\">{\"@context\":\"https:\/\/schema.org\",\"@graph\":[{\"@type\":\"WebPage\",\"@id\":\"https:\/\/www.hotelpalumbalzaportorotondo.it\/de\/zimmer\/superior-double\/\",\"url\":\"https:\/\/www.hotelpalumbalzaportorotondo.it\/de\/zimmer\/superior-double\/\",\"name\":\"Superior Double - Hotel Palumbalza -\",\"isPartOf\":{\"@id\":\"https:\/\/www.hotelpalumbalzaportorotondo.it\/de\/#website\"},\"datePublished\":\"2021-04-15T13:44:00+00:00\",\"dateModified\":\"2023-08-15T10:49:23+00:00\",\"description\":\"Die herrliche sicht aufs meer der Costa Smeralda l\u00e4sst die g\u00e4ste des zimmers superior den ganzen zauber dieser mittelmeerinsel voll genie\u00dfen. Eine full immersion in sonne\",\"breadcrumb\":{\"@id\":\"https:\/\/www.hotelpalumbalzaportorotondo.it\/de\/zimmer\/superior-double\/#breadcrumb\"},\"inLanguage\":\"de-DE\",\"potentialAction\":[{\"@type\":\"ReadAction\",\"target\":[\"https:\/\/www.hotelpalumbalzaportorotondo.it\/de\/zimmer\/superior-double\/\"]}]},{\"@type\":\"BreadcrumbList\",\"@id\":\"https:\/\/www.hotelpalumbalzaportorotondo.it\/de\/zimmer\/superior-double\/#breadcrumb\",\"itemListElement\":[{\"@type\":\"ListItem\",\"position\":1,\"name\":\"Home\",\"item\":\"https:\/\/www.hotelpalumbalzaportorotondo.it\/de\/\"},{\"@type\":\"ListItem\",\"position\":2,\"name\":\"Zimmer\",\"item\":\"https:\/\/www.hotelpalumbalzaportorotondo.it\/de\/zimmer\/\"},{\"@type\":\"ListItem\",\"position\":3,\"name\":\"Superior Double\"}]},{\"@type\":\"WebSite\",\"@id\":\"https:\/\/www.hotelpalumbalzaportorotondo.it\/de\/#website\",\"url\":\"https:\/\/www.hotelpalumbalzaportorotondo.it\/de\/\",\"name\":\"Hotel Palumbalza\",\"description\":\"Just another ms.decms.eu site\",\"potentialAction\":[{\"@type\":\"SearchAction\",\"target\":{\"@type\":\"EntryPoint\",\"urlTemplate\":\"https:\/\/www.hotelpalumbalzaportorotondo.it\/de\/?s={search_term_string}\"},\"query-input\":{\"@type\":\"PropertyValueSpecification\",\"valueRequired\":true,\"valueName\":\"search_term_string\"}}],\"inLanguage\":\"de-DE\"}]}<\/script>\n<!-- \/ Yoast SEO plugin. -->","yoast_head_json":{"title":"Superior Double - Hotel Palumbalza -","description":"Die herrliche sicht aufs meer der Costa Smeralda l\u00e4sst die g\u00e4ste des zimmers superior den ganzen zauber dieser mittelmeerinsel voll genie\u00dfen. Eine full immersion in sonne","robots":{"index":"noindex","follow":"follow"},"og_locale":"de_DE","og_type":"article","og_title":"Superior Double - Hotel Palumbalza -","og_description":"Die herrliche sicht aufs meer der Costa Smeralda l\u00e4sst die g\u00e4ste des zimmers superior den ganzen zauber dieser mittelmeerinsel voll genie\u00dfen. Eine full immersion in sonne","og_url":"https:\/\/www.hotelpalumbalzaportorotondo.it\/de\/zimmer\/superior-double\/","og_site_name":"Hotel Palumbalza","article_modified_time":"2023-08-15T10:49:23+00:00","twitter_card":"summary_large_image","twitter_misc":{"Gesch\u00e4tzte Lesezeit":"1 Minute"},"schema":{"@context":"https:\/\/schema.org","@graph":[{"@type":"WebPage","@id":"https:\/\/www.hotelpalumbalzaportorotondo.it\/de\/zimmer\/superior-double\/","url":"https:\/\/www.hotelpalumbalzaportorotondo.it\/de\/zimmer\/superior-double\/","name":"Superior Double - Hotel Palumbalza -","isPartOf":{"@id":"https:\/\/www.hotelpalumbalzaportorotondo.it\/de\/#website"},"datePublished":"2021-04-15T13:44:00+00:00","dateModified":"2023-08-15T10:49:23+00:00","description":"Die herrliche sicht aufs meer der Costa Smeralda l\u00e4sst die g\u00e4ste des zimmers superior den ganzen zauber dieser mittelmeerinsel voll genie\u00dfen. Eine full immersion in sonne","breadcrumb":{"@id":"https:\/\/www.hotelpalumbalzaportorotondo.it\/de\/zimmer\/superior-double\/#breadcrumb"},"inLanguage":"de-DE","potentialAction":[{"@type":"ReadAction","target":["https:\/\/www.hotelpalumbalzaportorotondo.it\/de\/zimmer\/superior-double\/"]}]},{"@type":"BreadcrumbList","@id":"https:\/\/www.hotelpalumbalzaportorotondo.it\/de\/zimmer\/superior-double\/#breadcrumb","itemListElement":[{"@type":"ListItem","position":1,"name":"Home","item":"https:\/\/www.hotelpalumbalzaportorotondo.it\/de\/"},{"@type":"ListItem","position":2,"name":"Zimmer","item":"https:\/\/www.hotelpalumbalzaportorotondo.it\/de\/zimmer\/"},{"@type":"ListItem","position":3,"name":"Superior Double"}]},{"@type":"WebSite","@id":"https:\/\/www.hotelpalumbalzaportorotondo.it\/de\/#website","url":"https:\/\/www.hotelpalumbalzaportorotondo.it\/de\/","name":"Hotel Palumbalza","description":"Just another ms.decms.eu site","potentialAction":[{"@type":"SearchAction","target":{"@type":"EntryPoint","urlTemplate":"https:\/\/www.hotelpalumbalzaportorotondo.it\/de\/?s={search_term_string}"},"query-input":{"@type":"PropertyValueSpecification","valueRequired":true,"valueName":"search_term_string"}}],"inLanguage":"de-DE"}]}},"acf":[],"_links":{"self":[{"href":"https:\/\/www.hotelpalumbalzaportorotondo.it\/de\/wp-json\/wp\/v2\/pages\/158","targetHints":{"allow":["GET"]}}],"collection":[{"href":"https:\/\/www.hotelpalumbalzaportorotondo.it\/de\/wp-json\/wp\/v2\/pages"}],"about":[{"href":"https:\/\/www.hotelpalumbalzaportorotondo.it\/de\/wp-json\/wp\/v2\/types\/page"}],"author":[{"embeddable":true,"href":"https:\/\/www.hotelpalumbalzaportorotondo.it\/de\/wp-json\/wp\/v2\/users\/36"}],"replies":[{"embeddable":true,"href":"https:\/\/www.hotelpalumbalzaportorotondo.it\/de\/wp-json\/wp\/v2\/comments?post=158"}],"version-history":[{"count":0,"href":"https:\/\/www.hotelpalumbalzaportorotondo.it\/de\/wp-json\/wp\/v2\/pages\/158\/revisions"}],"up":[{"embeddable":true,"href":"https:\/\/www.hotelpalumbalzaportorotondo.it\/de\/wp-json\/wp\/v2\/pages\/104"}],"wp:attachment":[{"href":"https:\/\/www.hotelpalumbalzaportorotondo.it\/de\/wp-json\/wp\/v2\/media?parent=158"}],"curies":[{"name":"wp","href":"https:\/\/api.w.org\/{rel}","templated":true}]}}