{"id":121,"date":"2021-04-14T14:38:30","date_gmt":"2021-04-14T14:38:30","guid":{"rendered":"http:\/\/hotel-palumbalza.ms.decms.eu\/?page_id=121"},"modified":"2023-08-15T10:48:06","modified_gmt":"2023-08-15T10:48:06","slug":"classic-double","status":"publish","type":"page","link":"https:\/\/www.hotelpalumbalzaportorotondo.it\/de\/zimmer\/classic-double\/","title":{"rendered":"Classic Double"},"content":{"rendered":"<p style=\"text-align: center\">Tags\u00fcber vom warmen licht sardiniens beleuchtet, verwandeln sich die zimmer klassik in der nacht in eine gem\u00fctliche umwelt, wo man die <strong>qualit\u00e4t des schlafes<\/strong> verbessern kann. Der stil der innenr\u00e4ume basiert sich auf die <strong>tradition der mittelmeerl\u00e4nder<\/strong>, w\u00e4hrend die sicht auf den herrlichen garten momente des friedens und der zur\u00fcckgezogenheit gew\u00e4hrt.<\/p>\n<p style=\"text-align: center\">Privatstrand<br \/>\nKleintiere Willkommen<\/p>\n<p style=\"text-align: center\"><strong>Aufnahmef\u00e4higkeit maximum 2 Menschen \/ 21 m\u00b2<\/strong><\/p>\n","protected":false},"excerpt":{"rendered":"<p>Tags\u00fcber vom warmen licht sardiniens beleuchtet, verwandeln sich die zimmer klassik in der nacht in eine gem\u00fctliche umwelt, wo man die qualit\u00e4t des schlafes verbessern kann. Der stil der innenr\u00e4ume basiert sich auf die tradition der mittelmeerl\u00e4nder, w\u00e4hrend die sicht auf den herrlichen garten momente des friedens und der zur\u00fcckgezogenheit gew\u00e4hrt. Privatstrand Kleintiere Willkommen Aufnahmef\u00e4higkeit [&hellip;]<\/p>\n","protected":false},"author":36,"featured_media":0,"parent":104,"menu_order":5,"comment_status":"closed","ping_status":"closed","template":"template-single-room.php","meta":{"footnotes":""},"class_list":["post-121","page","type-page","status-publish","hentry"],"yoast_head":"<!-- This site is optimized with the Yoast SEO plugin v26.9 - https:\/\/yoast.com\/product\/yoast-seo-wordpress\/ -->\n<title>Classic Double - Hotel Palumbalza -<\/title>\n<meta name=\"description\" content=\"Tags\u00fcber vom warmen licht sardiniens beleuchtet, verwandeln sich die zimmer klassik in der nacht in eine gem\u00fctliche umwelt, wo man die qualit\u00e4t des schlafes verbessern kann. Der stil der innenr\u00e4ume basiert sich auf die tradition der mittelmeerl\u00e4nder, w\u00e4hrend die sicht auf den herrlichen garten momente des friedens und der zur\u00fcckgezogenheit gew\u00e4hrt. Privatstrand Kleintiere Willkommen Aufnahmef\u00e4higkeit maximum 2 Menschen \/ 21 m\u00b2\" \/>\n<meta name=\"robots\" content=\"noindex, follow\" \/>\n<meta property=\"og:locale\" content=\"de_DE\" \/>\n<meta property=\"og:type\" content=\"article\" \/>\n<meta property=\"og:title\" content=\"Classic Double - Hotel Palumbalza -\" \/>\n<meta property=\"og:description\" content=\"Tags\u00fcber vom warmen licht sardiniens beleuchtet, verwandeln sich die zimmer klassik in der nacht in eine gem\u00fctliche umwelt, wo man die qualit\u00e4t des schlafes verbessern kann. Der stil der innenr\u00e4ume basiert sich auf die tradition der mittelmeerl\u00e4nder, w\u00e4hrend die sicht auf den herrlichen garten momente des friedens und der zur\u00fcckgezogenheit gew\u00e4hrt. Privatstrand Kleintiere Willkommen Aufnahmef\u00e4higkeit maximum 2 Menschen \/ 21 m\u00b2\" \/>\n<meta property=\"og:url\" content=\"https:\/\/www.hotelpalumbalzaportorotondo.it\/de\/zimmer\/classic-double\/\" \/>\n<meta property=\"og:site_name\" content=\"Hotel Palumbalza\" \/>\n<meta property=\"article:modified_time\" content=\"2023-08-15T10:48:06+00:00\" \/>\n<meta name=\"twitter:card\" content=\"summary_large_image\" \/>\n<meta name=\"twitter:label1\" content=\"Gesch\u00e4tzte Lesezeit\" \/>\n\t<meta name=\"twitter:data1\" content=\"1 Minute\" \/>\n<script type=\"application\/ld+json\" class=\"yoast-schema-graph\">{\"@context\":\"https:\/\/schema.org\",\"@graph\":[{\"@type\":\"WebPage\",\"@id\":\"https:\/\/www.hotelpalumbalzaportorotondo.it\/de\/zimmer\/classic-double\/\",\"url\":\"https:\/\/www.hotelpalumbalzaportorotondo.it\/de\/zimmer\/classic-double\/\",\"name\":\"Classic Double - Hotel Palumbalza -\",\"isPartOf\":{\"@id\":\"https:\/\/www.hotelpalumbalzaportorotondo.it\/de\/#website\"},\"datePublished\":\"2021-04-14T14:38:30+00:00\",\"dateModified\":\"2023-08-15T10:48:06+00:00\",\"description\":\"Tags\u00fcber vom warmen licht sardiniens beleuchtet, verwandeln sich die zimmer klassik in der nacht in eine gem\u00fctliche umwelt, wo man die qualit\u00e4t des schlafes verbessern kann. Der stil der innenr\u00e4ume basiert sich auf die tradition der mittelmeerl\u00e4nder, w\u00e4hrend die sicht auf den herrlichen garten momente des friedens und der zur\u00fcckgezogenheit gew\u00e4hrt. Privatstrand Kleintiere Willkommen Aufnahmef\u00e4higkeit maximum 2 Menschen \/ 21 m\u00b2\",\"breadcrumb\":{\"@id\":\"https:\/\/www.hotelpalumbalzaportorotondo.it\/de\/zimmer\/classic-double\/#breadcrumb\"},\"inLanguage\":\"de-DE\",\"potentialAction\":[{\"@type\":\"ReadAction\",\"target\":[\"https:\/\/www.hotelpalumbalzaportorotondo.it\/de\/zimmer\/classic-double\/\"]}]},{\"@type\":\"BreadcrumbList\",\"@id\":\"https:\/\/www.hotelpalumbalzaportorotondo.it\/de\/zimmer\/classic-double\/#breadcrumb\",\"itemListElement\":[{\"@type\":\"ListItem\",\"position\":1,\"name\":\"Home\",\"item\":\"https:\/\/www.hotelpalumbalzaportorotondo.it\/de\/\"},{\"@type\":\"ListItem\",\"position\":2,\"name\":\"Zimmer\",\"item\":\"https:\/\/www.hotelpalumbalzaportorotondo.it\/de\/zimmer\/\"},{\"@type\":\"ListItem\",\"position\":3,\"name\":\"Classic Double\"}]},{\"@type\":\"WebSite\",\"@id\":\"https:\/\/www.hotelpalumbalzaportorotondo.it\/de\/#website\",\"url\":\"https:\/\/www.hotelpalumbalzaportorotondo.it\/de\/\",\"name\":\"Hotel Palumbalza\",\"description\":\"Just another ms.decms.eu site\",\"potentialAction\":[{\"@type\":\"SearchAction\",\"target\":{\"@type\":\"EntryPoint\",\"urlTemplate\":\"https:\/\/www.hotelpalumbalzaportorotondo.it\/de\/?s={search_term_string}\"},\"query-input\":{\"@type\":\"PropertyValueSpecification\",\"valueRequired\":true,\"valueName\":\"search_term_string\"}}],\"inLanguage\":\"de-DE\"}]}<\/script>\n<!-- \/ Yoast SEO plugin. -->","yoast_head_json":{"title":"Classic Double - Hotel Palumbalza -","description":"Tags\u00fcber vom warmen licht sardiniens beleuchtet, verwandeln sich die zimmer klassik in der nacht in eine gem\u00fctliche umwelt, wo man die qualit\u00e4t des schlafes verbessern kann. Der stil der innenr\u00e4ume basiert sich auf die tradition der mittelmeerl\u00e4nder, w\u00e4hrend die sicht auf den herrlichen garten momente des friedens und der zur\u00fcckgezogenheit gew\u00e4hrt. Privatstrand Kleintiere Willkommen Aufnahmef\u00e4higkeit maximum 2 Menschen \/ 21 m\u00b2","robots":{"index":"noindex","follow":"follow"},"og_locale":"de_DE","og_type":"article","og_title":"Classic Double - Hotel Palumbalza -","og_description":"Tags\u00fcber vom warmen licht sardiniens beleuchtet, verwandeln sich die zimmer klassik in der nacht in eine gem\u00fctliche umwelt, wo man die qualit\u00e4t des schlafes verbessern kann. Der stil der innenr\u00e4ume basiert sich auf die tradition der mittelmeerl\u00e4nder, w\u00e4hrend die sicht auf den herrlichen garten momente des friedens und der zur\u00fcckgezogenheit gew\u00e4hrt. Privatstrand Kleintiere Willkommen Aufnahmef\u00e4higkeit maximum 2 Menschen \/ 21 m\u00b2","og_url":"https:\/\/www.hotelpalumbalzaportorotondo.it\/de\/zimmer\/classic-double\/","og_site_name":"Hotel Palumbalza","article_modified_time":"2023-08-15T10:48:06+00:00","twitter_card":"summary_large_image","twitter_misc":{"Gesch\u00e4tzte Lesezeit":"1 Minute"},"schema":{"@context":"https:\/\/schema.org","@graph":[{"@type":"WebPage","@id":"https:\/\/www.hotelpalumbalzaportorotondo.it\/de\/zimmer\/classic-double\/","url":"https:\/\/www.hotelpalumbalzaportorotondo.it\/de\/zimmer\/classic-double\/","name":"Classic Double - Hotel Palumbalza -","isPartOf":{"@id":"https:\/\/www.hotelpalumbalzaportorotondo.it\/de\/#website"},"datePublished":"2021-04-14T14:38:30+00:00","dateModified":"2023-08-15T10:48:06+00:00","description":"Tags\u00fcber vom warmen licht sardiniens beleuchtet, verwandeln sich die zimmer klassik in der nacht in eine gem\u00fctliche umwelt, wo man die qualit\u00e4t des schlafes verbessern kann. Der stil der innenr\u00e4ume basiert sich auf die tradition der mittelmeerl\u00e4nder, w\u00e4hrend die sicht auf den herrlichen garten momente des friedens und der zur\u00fcckgezogenheit gew\u00e4hrt. Privatstrand Kleintiere Willkommen Aufnahmef\u00e4higkeit maximum 2 Menschen \/ 21 m\u00b2","breadcrumb":{"@id":"https:\/\/www.hotelpalumbalzaportorotondo.it\/de\/zimmer\/classic-double\/#breadcrumb"},"inLanguage":"de-DE","potentialAction":[{"@type":"ReadAction","target":["https:\/\/www.hotelpalumbalzaportorotondo.it\/de\/zimmer\/classic-double\/"]}]},{"@type":"BreadcrumbList","@id":"https:\/\/www.hotelpalumbalzaportorotondo.it\/de\/zimmer\/classic-double\/#breadcrumb","itemListElement":[{"@type":"ListItem","position":1,"name":"Home","item":"https:\/\/www.hotelpalumbalzaportorotondo.it\/de\/"},{"@type":"ListItem","position":2,"name":"Zimmer","item":"https:\/\/www.hotelpalumbalzaportorotondo.it\/de\/zimmer\/"},{"@type":"ListItem","position":3,"name":"Classic Double"}]},{"@type":"WebSite","@id":"https:\/\/www.hotelpalumbalzaportorotondo.it\/de\/#website","url":"https:\/\/www.hotelpalumbalzaportorotondo.it\/de\/","name":"Hotel Palumbalza","description":"Just another ms.decms.eu site","potentialAction":[{"@type":"SearchAction","target":{"@type":"EntryPoint","urlTemplate":"https:\/\/www.hotelpalumbalzaportorotondo.it\/de\/?s={search_term_string}"},"query-input":{"@type":"PropertyValueSpecification","valueRequired":true,"valueName":"search_term_string"}}],"inLanguage":"de-DE"}]}},"acf":[],"_links":{"self":[{"href":"https:\/\/www.hotelpalumbalzaportorotondo.it\/de\/wp-json\/wp\/v2\/pages\/121","targetHints":{"allow":["GET"]}}],"collection":[{"href":"https:\/\/www.hotelpalumbalzaportorotondo.it\/de\/wp-json\/wp\/v2\/pages"}],"about":[{"href":"https:\/\/www.hotelpalumbalzaportorotondo.it\/de\/wp-json\/wp\/v2\/types\/page"}],"author":[{"embeddable":true,"href":"https:\/\/www.hotelpalumbalzaportorotondo.it\/de\/wp-json\/wp\/v2\/users\/36"}],"replies":[{"embeddable":true,"href":"https:\/\/www.hotelpalumbalzaportorotondo.it\/de\/wp-json\/wp\/v2\/comments?post=121"}],"version-history":[{"count":0,"href":"https:\/\/www.hotelpalumbalzaportorotondo.it\/de\/wp-json\/wp\/v2\/pages\/121\/revisions"}],"up":[{"embeddable":true,"href":"https:\/\/www.hotelpalumbalzaportorotondo.it\/de\/wp-json\/wp\/v2\/pages\/104"}],"wp:attachment":[{"href":"https:\/\/www.hotelpalumbalzaportorotondo.it\/de\/wp-json\/wp\/v2\/media?parent=121"}],"curies":[{"name":"wp","href":"https:\/\/api.w.org\/{rel}","templated":true}]}}